{"id":2069,"date":"2023-08-11T07:51:49","date_gmt":"2023-08-11T07:51:49","guid":{"rendered":"https:\/\/career.worko.com\/dine-preferanser-og-timing\/"},"modified":"2023-10-12T11:29:02","modified_gmt":"2023-10-12T11:29:02","slug":"dine-preferanser-og-timing-bygg","status":"publish","type":"page","link":"https:\/\/career.worko.com\/no\/dine-preferanser-og-timing-bygg\/","title":{"rendered":"Dine preferanser og timing"},"content":{"rendered":"\t\t<div data-elementor-type=\"wp-page\" data-elementor-id=\"2069\" class=\"elementor elementor-2069\" data-elementor-post-type=\"page\">\n\t\t\t\t\t\t<section class=\"elementor-section elementor-top-section elementor-element elementor-element-7616bc6 elementor-section-boxed elementor-section-height-default elementor-section-height-default\" data-id=\"7616bc6\" data-element_type=\"section\">\n\t\t\t\t\t\t<div class=\"elementor-container elementor-column-gap-default\">\n\t\t\t\t\t<div class=\"elementor-column elementor-col-100 elementor-top-column elementor-element elementor-element-ceb0560\" data-id=\"ceb0560\" data-element_type=\"column\">\n\t\t\t<div class=\"elementor-widget-wrap elementor-element-populated\">\n\t\t\t\t\t\t<div class=\"elementor-element elementor-element-f092a39 elementor-widget elementor-widget-image\" data-id=\"f092a39\" data-element_type=\"widget\" data-widget_type=\"image.default\">\n\t\t\t\t<div class=\"elementor-widget-container\">\n\t\t\t\t\t\t\t\t\t\t\t\t\t<img decoding=\"async\" width=\"300\" height=\"61\" src=\"https:\/\/career.worko.com\/wp-content\/uploads\/2023\/09\/Skarmavbild-2023-09-07-kl.-13.29.37-300x61.png\" class=\"attachment-medium size-medium wp-image-2016\" alt=\"\" srcset=\"https:\/\/career.worko.com\/wp-content\/uploads\/2023\/09\/Skarmavbild-2023-09-07-kl.-13.29.37-300x61.png 300w, https:\/\/career.worko.com\/wp-content\/uploads\/2023\/09\/Skarmavbild-2023-09-07-kl.-13.29.37-768x156.png 768w, https:\/\/career.worko.com\/wp-content\/uploads\/2023\/09\/Skarmavbild-2023-09-07-kl.-13.29.37.png 858w\" sizes=\"(max-width: 300px) 100vw, 300px\" \/>\t\t\t\t\t\t\t\t\t\t\t\t\t<\/div>\n\t\t\t\t<\/div>\n\t\t\t\t\t<\/div>\n\t\t<\/div>\n\t\t\t\t\t<\/div>\n\t\t<\/section>\n\t\t\t\t<section class=\"elementor-section elementor-top-section elementor-element elementor-element-0c6ba8a elementor-section-boxed elementor-section-height-default elementor-section-height-default\" data-id=\"0c6ba8a\" data-element_type=\"section\">\n\t\t\t\t\t\t<div class=\"elementor-container elementor-column-gap-default\">\n\t\t\t\t\t<div class=\"elementor-column elementor-col-100 elementor-top-column elementor-element elementor-element-c9379b5\" data-id=\"c9379b5\" data-element_type=\"column\">\n\t\t\t<div class=\"elementor-widget-wrap elementor-element-populated\">\n\t\t\t\t\t\t<div class=\"elementor-element elementor-element-e02846b elementor-widget elementor-widget-text-editor\" data-id=\"e02846b\" data-element_type=\"widget\" data-widget_type=\"text-editor.default\">\n\t\t\t\t<div class=\"elementor-widget-container\">\n\t\t\t\t\t\t\t<p><span class=\"NormalTextRun SCXW107547540 BCX0\">For deg som <\/span><span class=\"NormalTextRun SpellingErrorV2Themed SCXW107547540 BCX0\">jobber<\/span><span class=\"NormalTextRun SCXW107547540 BCX0\"> i bygg <\/span><span class=\"NormalTextRun SpellingErrorV2Themed SCXW107547540 BCX0\">og<\/span> <span class=\"NormalTextRun SpellingErrorV2Themed SCXW107547540 BCX0\">anlegg<\/span><span class=\"NormalTextRun SCXW107547540 BCX0\"> er proaktivitet en av de <\/span><span class=\"NormalTextRun SpellingErrorV2Themed SCXW107547540 BCX0\">viktigste<\/span> <span class=\"NormalTextRun SpellingErrorV2Themed SCXW107547540 BCX0\">faktorene<\/span><span class=\"NormalTextRun SCXW107547540 BCX0\"> for <\/span><span class=\"NormalTextRun SpellingErrorV2Themed SCXW107547540 BCX0\">karriereutvikling<\/span> <span class=\"NormalTextRun SpellingErrorV2Themed SCXW107547540 BCX0\">og<\/span><span class=\"NormalTextRun SCXW107547540 BCX0\"> for at du <\/span><span class=\"NormalTextRun ContextualSpellingAndGrammarErrorV2Themed SCXW107547540 BCX0\">skal<\/span><span class=\"NormalTextRun SCXW107547540 BCX0\"> ende p\u00e5 en best <\/span><span class=\"NormalTextRun SpellingErrorV2Themed SCXW107547540 BCX0\">mulig<\/span> <span class=\"NormalTextRun SpellingErrorV2Themed SCXW107547540 BCX0\">arbeidsplass<\/span><span class=\"NormalTextRun SCXW107547540 BCX0\"> for deg. Fyll <\/span><span class=\"NormalTextRun SpellingErrorV2Themed SCXW107547540 BCX0\">inn<\/span> <span class=\"NormalTextRun SpellingErrorV2Themed SCXW107547540 BCX0\">dine<\/span> <span class=\"NormalTextRun SpellingErrorV2Themed SCXW107547540 BCX0\">preferanser<\/span> <span class=\"NormalTextRun SpellingErrorV2Themed SCXW107547540 BCX0\">og<\/span> <span class=\"NormalTextRun SCXW107547540 BCX0\">fortsett<\/span><span class=\"NormalTextRun SCXW107547540 BCX0\"> \u00e5 <\/span><span class=\"NormalTextRun SCXW107547540 BCX0\">fokuser<\/span><span class=\"NormalTextRun SCXW107547540 BCX0\"> p\u00e5 jobben din. I <\/span><span class=\"NormalTextRun SCXW107547540 BCX0\">mellomtiden<\/span><span class=\"NormalTextRun SCXW107547540 BCX0\"> matcher vi <\/span><span class=\"NormalTextRun SCXW107547540 BCX0\">dine<\/span> <span class=\"NormalTextRun SCXW107547540 BCX0\">preferanser<\/span><span class=\"NormalTextRun SCXW107547540 BCX0\"> mot <\/span><span class=\"NormalTextRun SCXW107547540 BCX0\">selskapene<\/span><span class=\"NormalTextRun SCXW107547540 BCX0\"> vi <\/span><span class=\"NormalTextRun SCXW107547540 BCX0\">jobber<\/span><span class=\"NormalTextRun SCXW107547540 BCX0\"> med, vil ha den <\/span><span class=\"NormalTextRun SCXW107547540 BCX0\">rette<\/span> <span class=\"NormalTextRun SCXW107547540 BCX0\">arbeidsgiveren<\/span><span class=\"NormalTextRun SCXW107547540 BCX0\"> p\u00e5 <\/span><span class=\"NormalTextRun SCXW107547540 BCX0\">plass<\/span><span class=\"NormalTextRun SCXW107547540 BCX0\"> for deg n\u00e5r du er klar for \u00e5 <\/span><span class=\"NormalTextRun SCXW107547540 BCX0\">utforske<\/span> <span class=\"NormalTextRun SCXW107547540 BCX0\">noe<\/span><span class=\"NormalTextRun SCXW107547540 BCX0\"> nytt.<\/span><\/p>\t\t\t\t\t\t<\/div>\n\t\t\t\t<\/div>\n\t\t\t\t\t<\/div>\n\t\t<\/div>\n\t\t\t\t\t<\/div>\n\t\t<\/section>\n\t\t\t\t<section class=\"elementor-section elementor-top-section elementor-element elementor-element-91c4ffc elementor-section-boxed elementor-section-height-default elementor-section-height-default\" data-id=\"91c4ffc\" data-element_type=\"section\">\n\t\t\t\t\t\t<div class=\"elementor-container elementor-column-gap-default\">\n\t\t\t\t\t<div class=\"elementor-column elementor-col-100 elementor-top-column elementor-element elementor-element-23c371e\" data-id=\"23c371e\" data-element_type=\"column\">\n\t\t\t<div class=\"elementor-widget-wrap elementor-element-populated\">\n\t\t\t\t\t\t<div class=\"elementor-element elementor-element-2e2a3a6 elementor-widget elementor-widget-html\" data-id=\"2e2a3a6\" data-element_type=\"widget\" data-widget_type=\"html.default\">\n\t\t\t\t<div class=\"elementor-widget-container\">\n\t\t\t<div data-form-block-id=\"a54888df-154e-ee11-be6e-0022489c236c\"><\/div> <script src=\"https:\/\/mktdplp102cdn.azureedge.net\/public\/latest\/js\/form-loader.js?v=1.84.2007\"><\/script> <div id=\"dGlhs3DrKfSE82EnKzhhMqtY4EhFZVt0ysYR3naeBHi8\"><\/div><script src=\"https:\/\/mktdplp102cdn.azureedge.net\/public\/latest\/js\/ws-tracking.js?v=1.84.2007\"><\/script><div class=\"d365-mkt-config\" style=\"display:none\" data-website-id=\"Glhs3DrKfSE82EnKzhhMqtY4EhFZVt0ysYR3naeBHi8\" data-hostname=\"cb9fcc8175d54a69ab150e6ef6528a37.svc.dynamics.com\"><\/div>\n\t\t<\/div>\n\t\t\t\t<\/div>\n\t\t\t\t\t<\/div>\n\t\t<\/div>\n\t\t\t\t\t<\/div>\n\t\t<\/section>\n\t\t\t\t<section class=\"elementor-section elementor-top-section elementor-element elementor-element-4fd9161 elementor-section-boxed elementor-section-height-default elementor-section-height-default\" data-id=\"4fd9161\" data-element_type=\"section\">\n\t\t\t\t\t\t<div class=\"elementor-container elementor-column-gap-default\">\n\t\t\t\t\t<div class=\"elementor-column elementor-col-100 elementor-top-column elementor-element elementor-element-b644ce6\" data-id=\"b644ce6\" data-element_type=\"column\">\n\t\t\t<div class=\"elementor-widget-wrap elementor-element-populated\">\n\t\t\t\t\t\t<div class=\"elementor-element elementor-element-7a3483a elementor-widget-divider--view-line elementor-widget elementor-widget-divider\" data-id=\"7a3483a\" data-element_type=\"widget\" data-widget_type=\"divider.default\">\n\t\t\t\t<div class=\"elementor-widget-container\">\n\t\t\t\t\t<div class=\"elementor-divider\">\n\t\t\t<span class=\"elementor-divider-separator\">\n\t\t\t\t\t\t<\/span>\n\t\t<\/div>\n\t\t\t\t<\/div>\n\t\t\t\t<\/div>\n\t\t\t\t<div class=\"elementor-element elementor-element-e2a62d3 elementor-widget elementor-widget-heading\" data-id=\"e2a62d3\" data-element_type=\"widget\" data-widget_type=\"heading.default\">\n\t\t\t\t<div class=\"elementor-widget-container\">\n\t\t\t<h3 class=\"elementor-heading-title elementor-size-default\">Karrierebloggen<\/h3>\t\t<\/div>\n\t\t\t\t<\/div>\n\t\t\t\t<div class=\"elementor-element elementor-element-cd26e89 elementor-widget elementor-widget-text-editor\" data-id=\"cd26e89\" data-element_type=\"widget\" data-widget_type=\"text-editor.default\">\n\t\t\t\t<div class=\"elementor-widget-container\">\n\t\t\t\t\t\t\t<p><span class=\"TextRun SCXW100147673 BCX0\" lang=\"SV-SE\" xml:lang=\"SV-SE\" data-contrast=\"none\"><span class=\"NormalTextRun SCXW100147673 BCX0\">Vi <\/span><span class=\"NormalTextRun SpellingErrorV2Themed SCXW100147673 BCX0\">hjelper<\/span><span class=\"NormalTextRun SCXW100147673 BCX0\"> deg som <\/span><span class=\"NormalTextRun SpellingErrorV2Themed SCXW100147673 BCX0\">jobber<\/span> <span class=\"NormalTextRun SpellingErrorV2Themed SCXW100147673 BCX0\">innenfor<\/span><span class=\"NormalTextRun SCXW100147673 BCX0\"> bygg med \u00e5 ta <\/span><span class=\"NormalTextRun SpellingErrorV2Themed SCXW100147673 BCX0\">neste<\/span><span class=\"NormalTextRun SCXW100147673 BCX0\"> steg i <\/span><span class=\"NormalTextRun SpellingErrorV2Themed SCXW100147673 BCX0\">karrieren<\/span><\/span><\/p>\t\t\t\t\t\t<\/div>\n\t\t\t\t<\/div>\n\t\t\t\t\t<\/div>\n\t\t<\/div>\n\t\t\t\t\t<\/div>\n\t\t<\/section>\n\t\t\t\t<section class=\"elementor-section elementor-top-section elementor-element elementor-element-2abd366 elementor-section-boxed elementor-section-height-default elementor-section-height-default\" data-id=\"2abd366\" data-element_type=\"section\">\n\t\t\t\t\t\t<div class=\"elementor-container elementor-column-gap-default\">\n\t\t\t\t\t<div class=\"elementor-column elementor-col-100 elementor-top-column elementor-element elementor-element-a680017\" data-id=\"a680017\" data-element_type=\"column\">\n\t\t\t<div class=\"elementor-widget-wrap elementor-element-populated\">\n\t\t\t\t\t\t<div class=\"elementor-element elementor-element-29b243b elementor-posts--align-left elementor-grid-2 elementor-grid-tablet-2 elementor-grid-mobile-1 elementor-posts--thumbnail-top elementor-widget elementor-widget-posts\" data-id=\"29b243b\" data-element_type=\"widget\" data-settings=\"{&quot;classic_row_gap&quot;:{&quot;unit&quot;:&quot;px&quot;,&quot;size&quot;:33,&quot;sizes&quot;:[]},&quot;classic_masonry&quot;:&quot;yes&quot;,&quot;classic_columns&quot;:&quot;2&quot;,&quot;classic_columns_tablet&quot;:&quot;2&quot;,&quot;classic_columns_mobile&quot;:&quot;1&quot;,&quot;classic_row_gap_tablet&quot;:{&quot;unit&quot;:&quot;px&quot;,&quot;size&quot;:&quot;&quot;,&quot;sizes&quot;:[]},&quot;classic_row_gap_mobile&quot;:{&quot;unit&quot;:&quot;px&quot;,&quot;size&quot;:&quot;&quot;,&quot;sizes&quot;:[]}}\" data-widget_type=\"posts.classic\">\n\t\t\t\t<div class=\"elementor-widget-container\">\n\t\t\t\t\t<div class=\"elementor-posts-container elementor-posts elementor-posts--skin-classic elementor-grid\">\n\t\t\t\t<article class=\"elementor-post elementor-grid-item post-1965 post type-post status-publish format-standard has-post-thumbnail hentry category-karrieretips\">\n\t\t\t\t<a class=\"elementor-post__thumbnail__link\" href=\"https:\/\/career.worko.com\/no\/slik-bor-du-som-ingenior-innenfor-bygg-bruke-chatgpt\/\" target=&quot;_blank&quot;>\n\t\t\t<div class=\"elementor-post__thumbnail\"><img fetchpriority=\"high\" decoding=\"async\" width=\"1500\" height=\"1000\" src=\"https:\/\/career.worko.com\/wp-content\/uploads\/2023\/07\/Copy-of-Untitled-Design-1-e1692857081662.jpg\" class=\"attachment-1536x1536 size-1536x1536 wp-image-1483\" alt=\"\" \/><\/div>\n\t\t<\/a>\n\t\t\t\t<div class=\"elementor-post__text\">\n\t\t\t\t<h3 class=\"elementor-post__title\">\n\t\t\t<a href=\"https:\/\/career.worko.com\/no\/slik-bor-du-som-ingenior-innenfor-bygg-bruke-chatgpt\/\" target=&quot;_blank&quot;>\n\t\t\t\tSlik b\u00f8r du som ingeni\u00f8r innenfor bygg bruke ChatGPT\t\t\t<\/a>\n\t\t<\/h3>\n\t\t\t\t<div class=\"elementor-post__excerpt\">\n\t\t\t<p>Den ekstreme fremveksten av AI-l\u00f8sninger de siste \u00e5rene, har nok ikke g\u00e5tt noen hus forbi. B\u00e5de privatpersoner og bedrifter bruker daglig AI l\u00f8sninger for ulike fordeler, blant annet utdanning, informasjon,<\/p>\n\t\t<\/div>\n\t\t\n\t\t<a class=\"elementor-post__read-more\" href=\"https:\/\/career.worko.com\/no\/slik-bor-du-som-ingenior-innenfor-bygg-bruke-chatgpt\/\" aria-label=\"Read more about Slik b\u00f8r du som ingeni\u00f8r innenfor bygg bruke ChatGPT\" target=\"_blank\">\n\t\t\tLes mer \u00bb\t\t<\/a>\n\n\t\t\t\t<\/div>\n\t\t\t\t<\/article>\n\t\t\t\t<article class=\"elementor-post elementor-grid-item post-1112 post type-post status-publish format-standard has-post-thumbnail hentry category-karriartips\">\n\t\t\t\t<a class=\"elementor-post__thumbnail__link\" href=\"https:\/\/career.worko.com\/no\/drommekarrieren-er-malet-proaktivitet-er-kjoretoyet\/\" target=&quot;_blank&quot;>\n\t\t\t<div class=\"elementor-post__thumbnail\"><img decoding=\"async\" width=\"820\" height=\"615\" src=\"https:\/\/career.worko.com\/wp-content\/uploads\/2023\/01\/fenix-3-tank-proaktivt.jpg\" class=\"attachment-1536x1536 size-1536x1536 wp-image-1113\" alt=\"\" srcset=\"https:\/\/career.worko.com\/wp-content\/uploads\/2023\/01\/fenix-3-tank-proaktivt.jpg 820w, https:\/\/career.worko.com\/wp-content\/uploads\/2023\/01\/fenix-3-tank-proaktivt-300x225.jpg 300w, https:\/\/career.worko.com\/wp-content\/uploads\/2023\/01\/fenix-3-tank-proaktivt-768x576.jpg 768w, https:\/\/career.worko.com\/wp-content\/uploads\/2023\/01\/fenix-3-tank-proaktivt-600x450.jpg 600w, https:\/\/career.worko.com\/wp-content\/uploads\/2023\/01\/fenix-3-tank-proaktivt-160x120.jpg 160w\" sizes=\"(max-width: 820px) 100vw, 820px\" \/><\/div>\n\t\t<\/a>\n\t\t\t\t<div class=\"elementor-post__text\">\n\t\t\t\t<h3 class=\"elementor-post__title\">\n\t\t\t<a href=\"https:\/\/career.worko.com\/no\/drommekarrieren-er-malet-proaktivitet-er-kjoretoyet\/\" target=&quot;_blank&quot;>\n\t\t\t\tDr\u00f8mmekarrieren er m\u00e5let &#8211; proaktivitet er kj\u00f8ret\u00f8yet\t\t\t<\/a>\n\t\t<\/h3>\n\t\t\t\t<div class=\"elementor-post__excerpt\">\n\t\t\t<p>H\u00f8res det ikke hyggelig ut \u00e5 kunne velge blant spennende prosjekter og bare gj\u00f8re det du selv syntes er g\u00f8y p\u00e5 jobben? Det er faktisk fullt mulig for deg \u00e5<\/p>\n\t\t<\/div>\n\t\t\n\t\t<a class=\"elementor-post__read-more\" href=\"https:\/\/career.worko.com\/no\/drommekarrieren-er-malet-proaktivitet-er-kjoretoyet\/\" aria-label=\"Read more about Dr\u00f8mmekarrieren er m\u00e5let &#8211; proaktivitet er kj\u00f8ret\u00f8yet\" target=\"_blank\">\n\t\t\tLes mer \u00bb\t\t<\/a>\n\n\t\t\t\t<\/div>\n\t\t\t\t<\/article>\n\t\t\t\t<\/div>\n\t\t\n\t\t\t\t<\/div>\n\t\t\t\t<\/div>\n\t\t\t\t\t<\/div>\n\t\t<\/div>\n\t\t\t\t\t<\/div>\n\t\t<\/section>\n\t\t\t\t<\/div>\n\t\t","protected":false},"excerpt":{"rendered":"<p>For deg som jobber i bygg og anlegg er proaktivitet en av de viktigste faktorene for karriereutvikling og for at du skal ende p\u00e5 en best mulig arbeidsplass for deg.&hellip;<a href=\"https:\/\/career.worko.com\/no\/drommekarrieren-er-malet-proaktivitet-er-kjoretoyet\/\">Read more<\/a><\/p>\n","protected":false},"author":2,"featured_media":0,"parent":0,"menu_order":0,"comment_status":"closed","ping_status":"closed","template":"","meta":{"_acf_changed":false,"footnotes":""},"wf_page_folders":[],"class_list":["post-2069","page","type-page","status-publish","hentry"],"acf":[],"aioseo_notices":[],"_links":{"self":[{"href":"https:\/\/career.worko.com\/no\/wp-json\/wp\/v2\/pages\/2069","targetHints":{"allow":["GET"]}}],"collection":[{"href":"https:\/\/career.worko.com\/no\/wp-json\/wp\/v2\/pages"}],"about":[{"href":"https:\/\/career.worko.com\/no\/wp-json\/wp\/v2\/types\/page"}],"author":[{"embeddable":true,"href":"https:\/\/career.worko.com\/no\/wp-json\/wp\/v2\/users\/2"}],"replies":[{"embeddable":true,"href":"https:\/\/career.worko.com\/no\/wp-json\/wp\/v2\/comments?post=2069"}],"version-history":[{"count":17,"href":"https:\/\/career.worko.com\/no\/wp-json\/wp\/v2\/pages\/2069\/revisions"}],"predecessor-version":[{"id":2276,"href":"https:\/\/career.worko.com\/no\/wp-json\/wp\/v2\/pages\/2069\/revisions\/2276"}],"wp:attachment":[{"href":"https:\/\/career.worko.com\/no\/wp-json\/wp\/v2\/media?parent=2069"}],"wp:term":[{"taxonomy":"wf_page_folders","embeddable":true,"href":"https:\/\/career.worko.com\/no\/wp-json\/wp\/v2\/wf_page_folders?post=2069"}],"curies":[{"name":"wp","href":"https:\/\/api.w.org\/{rel}","templated":true}]}}