{"id":2053,"date":"2023-08-25T11:57:56","date_gmt":"2023-08-25T11:57:56","guid":{"rendered":"https:\/\/career.worko.com\/din-timing-2\/"},"modified":"2024-03-14T12:58:54","modified_gmt":"2024-03-14T12:58:54","slug":"din-timing-bygg","status":"publish","type":"page","link":"https:\/\/career.worko.com\/no\/din-timing-bygg\/","title":{"rendered":"Din timing"},"content":{"rendered":"\t\t<div data-elementor-type=\"wp-page\" data-elementor-id=\"2053\" class=\"elementor elementor-2053 elementor-1740\" data-elementor-post-type=\"page\">\n\t\t\t\t\t\t<section class=\"elementor-section elementor-top-section elementor-element elementor-element-03d15d2 elementor-section-boxed elementor-section-height-default elementor-section-height-default\" data-id=\"03d15d2\" data-element_type=\"section\">\n\t\t\t\t\t\t<div class=\"elementor-container elementor-column-gap-default\">\n\t\t\t\t\t<div class=\"elementor-column elementor-col-100 elementor-top-column elementor-element elementor-element-dc84b99\" data-id=\"dc84b99\" data-element_type=\"column\">\n\t\t\t<div class=\"elementor-widget-wrap elementor-element-populated\">\n\t\t\t\t\t\t<div class=\"elementor-element elementor-element-d8032df elementor-view-default elementor-widget elementor-widget-icon\" data-id=\"d8032df\" data-element_type=\"widget\" data-widget_type=\"icon.default\">\n\t\t\t\t<div class=\"elementor-widget-container\">\n\t\t\t\t\t<div class=\"elementor-icon-wrapper\">\n\t\t\t<div class=\"elementor-icon elementor-animation-pulse-grow\">\n\t\t\t<i aria-hidden=\"true\" class=\"far fa-clock\"><\/i>\t\t\t<\/div>\n\t\t<\/div>\n\t\t\t\t<\/div>\n\t\t\t\t<\/div>\n\t\t\t\t<div class=\"elementor-element elementor-element-6a93bd8 elementor-widget elementor-widget-text-editor\" data-id=\"6a93bd8\" data-element_type=\"widget\" data-widget_type=\"text-editor.default\">\n\t\t\t\t<div class=\"elementor-widget-container\">\n\t\t\t\t\t\t\t<p>Kanskje har du opplevd at en spennende mulighet dukket opp, men til feil tidspunkt? Vi matchar arbetsgivare, inte bara mot dina preferenser, men \u00e4ven mot din tillg\u00e4nglighet. Var proaktiv i din karri\u00e4r och fyll i n\u00e4r i tiden du \u00e4r redo f\u00f6r att utforska dina jobbm\u00f6jligheter. Medan du fokuserar p\u00e5 ditt jobb s\u00e5 hittar vi en arbetsgivare som matchar dina preferenser &#8211; till den tidpunkt du \u00e4r redo.<\/p>\n\t\t\t\t\t\t<\/div>\n\t\t\t\t<\/div>\n\t\t\t\t\t<\/div>\n\t\t<\/div>\n\t\t\t\t\t<\/div>\n\t\t<\/section>\n\t\t\t\t<section class=\"elementor-section elementor-top-section elementor-element elementor-element-43a8105 elementor-section-boxed elementor-section-height-default elementor-section-height-default\" data-id=\"43a8105\" data-element_type=\"section\">\n\t\t\t\t\t\t<div class=\"elementor-container elementor-column-gap-default\">\n\t\t\t\t\t<div class=\"elementor-column elementor-col-100 elementor-top-column elementor-element elementor-element-20267bd\" data-id=\"20267bd\" data-element_type=\"column\">\n\t\t\t<div class=\"elementor-widget-wrap elementor-element-populated\">\n\t\t\t\t\t\t<div class=\"elementor-element elementor-element-d815dc2 elementor-widget elementor-widget-html\" data-id=\"d815dc2\" data-element_type=\"widget\" data-widget_type=\"html.default\">\n\t\t\t\t<div class=\"elementor-widget-container\">\n\t\t\t<div data-form-block-id=\"c3b2c58d-3c43-ee11-bdf3-000d3ab8a354\"><\/div> <script src=\"https:\/\/mktdplp102cdn.azureedge.net\/public\/latest\/js\/form-loader.js?v=1.84.2007\"><\/script> <div id=\"dGlhs3DrKfSE82EnKzhhMqtY4EhFZVt0ysYR3naeBHi8\"><\/div><script src=\"https:\/\/mktdplp102cdn.azureedge.net\/public\/latest\/js\/ws-tracking.js?v=1.84.2007\"><\/script><div class=\"d365-mkt-config\" style=\"display:none\" data-website-id=\"Glhs3DrKfSE82EnKzhhMqtY4EhFZVt0ysYR3naeBHi8\" data-hostname=\"cb9fcc8175d54a69ab150e6ef6528a37.svc.dynamics.com\"><\/div>\t\t<\/div>\n\t\t\t\t<\/div>\n\t\t\t\t\t<\/div>\n\t\t<\/div>\n\t\t\t\t\t<\/div>\n\t\t<\/section>\n\t\t\t\t<section class=\"elementor-section elementor-top-section elementor-element elementor-element-1ba28e0 elementor-section-boxed elementor-section-height-default elementor-section-height-default\" data-id=\"1ba28e0\" data-element_type=\"section\">\n\t\t\t\t\t\t<div class=\"elementor-container elementor-column-gap-default\">\n\t\t\t\t\t<div class=\"elementor-column elementor-col-100 elementor-top-column elementor-element elementor-element-eedc53b\" data-id=\"eedc53b\" data-element_type=\"column\">\n\t\t\t<div class=\"elementor-widget-wrap elementor-element-populated\">\n\t\t\t\t\t\t<div class=\"elementor-element elementor-element-9ae9ae0 elementor-widget-divider--view-line elementor-widget elementor-widget-divider\" data-id=\"9ae9ae0\" data-element_type=\"widget\" data-widget_type=\"divider.default\">\n\t\t\t\t<div class=\"elementor-widget-container\">\n\t\t\t\t\t<div class=\"elementor-divider\">\n\t\t\t<span class=\"elementor-divider-separator\">\n\t\t\t\t\t\t<\/span>\n\t\t<\/div>\n\t\t\t\t<\/div>\n\t\t\t\t<\/div>\n\t\t\t\t<div class=\"elementor-element elementor-element-e63f2e4 elementor-widget elementor-widget-heading\" data-id=\"e63f2e4\" data-element_type=\"widget\" data-widget_type=\"heading.default\">\n\t\t\t\t<div class=\"elementor-widget-container\">\n\t\t\t<h3 class=\"elementor-heading-title elementor-size-default\">Karrierebloggen<\/h3>\t\t<\/div>\n\t\t\t\t<\/div>\n\t\t\t\t<div class=\"elementor-element elementor-element-645c831 elementor-widget elementor-widget-text-editor\" data-id=\"645c831\" data-element_type=\"widget\" data-widget_type=\"text-editor.default\">\n\t\t\t\t<div class=\"elementor-widget-container\">\n\t\t\t\t\t\t\t<p>Vi hj\u00e4lper dig som arbetar inom bygg att ta n\u00e4sta steg i karri\u00e4ren<\/p>\n\t\t\t\t\t\t<\/div>\n\t\t\t\t<\/div>\n\t\t\t\t\t<\/div>\n\t\t<\/div>\n\t\t\t\t\t<\/div>\n\t\t<\/section>\n\t\t\t\t<section class=\"elementor-section elementor-top-section elementor-element elementor-element-3f30321 elementor-section-boxed elementor-section-height-default elementor-section-height-default\" data-id=\"3f30321\" data-element_type=\"section\">\n\t\t\t\t\t\t<div class=\"elementor-container elementor-column-gap-default\">\n\t\t\t\t\t<div class=\"elementor-column elementor-col-100 elementor-top-column elementor-element elementor-element-9c3a06f\" data-id=\"9c3a06f\" data-element_type=\"column\">\n\t\t\t<div class=\"elementor-widget-wrap elementor-element-populated\">\n\t\t\t\t\t\t<div class=\"elementor-element elementor-element-e0397cf elementor-grid-2 elementor-grid-tablet-2 elementor-grid-mobile-1 elementor-posts--thumbnail-top elementor-widget elementor-widget-posts\" data-id=\"e0397cf\" data-element_type=\"widget\" data-settings=\"{&quot;classic_columns&quot;:&quot;2&quot;,&quot;classic_columns_tablet&quot;:&quot;2&quot;,&quot;classic_columns_mobile&quot;:&quot;1&quot;,&quot;classic_row_gap&quot;:{&quot;unit&quot;:&quot;px&quot;,&quot;size&quot;:35,&quot;sizes&quot;:[]},&quot;classic_row_gap_tablet&quot;:{&quot;unit&quot;:&quot;px&quot;,&quot;size&quot;:&quot;&quot;,&quot;sizes&quot;:[]},&quot;classic_row_gap_mobile&quot;:{&quot;unit&quot;:&quot;px&quot;,&quot;size&quot;:&quot;&quot;,&quot;sizes&quot;:[]}}\" data-widget_type=\"posts.classic\">\n\t\t\t\t<div class=\"elementor-widget-container\">\n\t\t\t\t\t<div class=\"elementor-posts-container elementor-posts elementor-posts--skin-classic elementor-grid\">\n\t\t\t\t<article class=\"elementor-post elementor-grid-item post-1965 post type-post status-publish format-standard has-post-thumbnail hentry category-karrieretips\">\n\t\t\t\t<a class=\"elementor-post__thumbnail__link\" href=\"https:\/\/career.worko.com\/no\/slik-bor-du-som-ingenior-innenfor-bygg-bruke-chatgpt\/\" >\n\t\t\t<div class=\"elementor-post__thumbnail\"><img fetchpriority=\"high\" decoding=\"async\" width=\"300\" height=\"200\" src=\"https:\/\/career.worko.com\/wp-content\/uploads\/2023\/07\/Copy-of-Untitled-Design-1-300x200.jpg\" class=\"attachment-medium size-medium wp-image-1483\" alt=\"\" srcset=\"https:\/\/career.worko.com\/wp-content\/uploads\/2023\/07\/Copy-of-Untitled-Design-1-300x200.jpg 300w, https:\/\/career.worko.com\/wp-content\/uploads\/2023\/07\/Copy-of-Untitled-Design-1-1024x683.jpg 1024w, https:\/\/career.worko.com\/wp-content\/uploads\/2023\/07\/Copy-of-Untitled-Design-1-768x512.jpg 768w, https:\/\/career.worko.com\/wp-content\/uploads\/2023\/07\/Copy-of-Untitled-Design-1.jpg 1500w\" sizes=\"(max-width: 300px) 100vw, 300px\" \/><\/div>\n\t\t<\/a>\n\t\t\t\t<div class=\"elementor-post__text\">\n\t\t\t\t<h3 class=\"elementor-post__title\">\n\t\t\t<a href=\"https:\/\/career.worko.com\/no\/slik-bor-du-som-ingenior-innenfor-bygg-bruke-chatgpt\/\" >\n\t\t\t\tSlik b\u00f8r du som ingeni\u00f8r innenfor bygg bruke ChatGPT\t\t\t<\/a>\n\t\t<\/h3>\n\t\t\t\t<div class=\"elementor-post__excerpt\">\n\t\t\t<p>Den ekstreme fremveksten av AI-l\u00f8sninger de siste \u00e5rene, har nok ikke g\u00e5tt noen hus forbi. B\u00e5de privatpersoner og bedrifter bruker daglig AI l\u00f8sninger for ulike fordeler, blant annet utdanning, informasjon,<\/p>\n\t\t<\/div>\n\t\t\n\t\t<a class=\"elementor-post__read-more\" href=\"https:\/\/career.worko.com\/no\/slik-bor-du-som-ingenior-innenfor-bygg-bruke-chatgpt\/\" aria-label=\"Read more about Slik b\u00f8r du som ingeni\u00f8r innenfor bygg bruke ChatGPT\" >\n\t\t\tLes mer \u00bb\t\t<\/a>\n\n\t\t\t\t<\/div>\n\t\t\t\t<\/article>\n\t\t\t\t<article class=\"elementor-post elementor-grid-item post-1112 post type-post status-publish format-standard has-post-thumbnail hentry category-karriartips\">\n\t\t\t\t<a class=\"elementor-post__thumbnail__link\" href=\"https:\/\/career.worko.com\/no\/drommekarrieren-er-malet-proaktivitet-er-kjoretoyet\/\" >\n\t\t\t<div class=\"elementor-post__thumbnail\"><img decoding=\"async\" width=\"300\" height=\"225\" src=\"https:\/\/career.worko.com\/wp-content\/uploads\/2023\/01\/fenix-3-tank-proaktivt-300x225.jpg\" class=\"attachment-medium size-medium wp-image-1113\" alt=\"\" srcset=\"https:\/\/career.worko.com\/wp-content\/uploads\/2023\/01\/fenix-3-tank-proaktivt-300x225.jpg 300w, https:\/\/career.worko.com\/wp-content\/uploads\/2023\/01\/fenix-3-tank-proaktivt-768x576.jpg 768w, https:\/\/career.worko.com\/wp-content\/uploads\/2023\/01\/fenix-3-tank-proaktivt-600x450.jpg 600w, https:\/\/career.worko.com\/wp-content\/uploads\/2023\/01\/fenix-3-tank-proaktivt-160x120.jpg 160w, https:\/\/career.worko.com\/wp-content\/uploads\/2023\/01\/fenix-3-tank-proaktivt.jpg 820w\" sizes=\"(max-width: 300px) 100vw, 300px\" \/><\/div>\n\t\t<\/a>\n\t\t\t\t<div class=\"elementor-post__text\">\n\t\t\t\t<h3 class=\"elementor-post__title\">\n\t\t\t<a href=\"https:\/\/career.worko.com\/no\/drommekarrieren-er-malet-proaktivitet-er-kjoretoyet\/\" >\n\t\t\t\tDr\u00f8mmekarrieren er m\u00e5let &#8211; proaktivitet er kj\u00f8ret\u00f8yet\t\t\t<\/a>\n\t\t<\/h3>\n\t\t\t\t<div class=\"elementor-post__excerpt\">\n\t\t\t<p>H\u00f8res det ikke hyggelig ut \u00e5 kunne velge blant spennende prosjekter og bare gj\u00f8re det du selv syntes er g\u00f8y p\u00e5 jobben? Det er faktisk fullt mulig for deg \u00e5<\/p>\n\t\t<\/div>\n\t\t\n\t\t<a class=\"elementor-post__read-more\" href=\"https:\/\/career.worko.com\/no\/drommekarrieren-er-malet-proaktivitet-er-kjoretoyet\/\" aria-label=\"Read more about Dr\u00f8mmekarrieren er m\u00e5let &#8211; proaktivitet er kj\u00f8ret\u00f8yet\" >\n\t\t\tLes mer \u00bb\t\t<\/a>\n\n\t\t\t\t<\/div>\n\t\t\t\t<\/article>\n\t\t\t\t<\/div>\n\t\t\n\t\t\t\t<\/div>\n\t\t\t\t<\/div>\n\t\t\t\t\t<\/div>\n\t\t<\/div>\n\t\t\t\t\t<\/div>\n\t\t<\/section>\n\t\t\t\t<\/div>\n\t\t","protected":false},"excerpt":{"rendered":"<p>Kanskje har du opplevd at en spennende mulighet dukket opp, men til feil tidspunkt? Vi matchar arbetsgivare, inte bara mot dina preferenser, men \u00e4ven mot din tillg\u00e4nglighet. Var proaktiv i&hellip;<a href=\"https:\/\/career.worko.com\/no\/drommekarrieren-er-malet-proaktivitet-er-kjoretoyet\/\">Read more<\/a><\/p>\n","protected":false},"author":2,"featured_media":0,"parent":0,"menu_order":0,"comment_status":"closed","ping_status":"closed","template":"","meta":{"_acf_changed":false,"footnotes":""},"wf_page_folders":[],"class_list":["post-2053","page","type-page","status-publish","hentry"],"acf":[],"aioseo_notices":[],"_links":{"self":[{"href":"https:\/\/career.worko.com\/no\/wp-json\/wp\/v2\/pages\/2053","targetHints":{"allow":["GET"]}}],"collection":[{"href":"https:\/\/career.worko.com\/no\/wp-json\/wp\/v2\/pages"}],"about":[{"href":"https:\/\/career.worko.com\/no\/wp-json\/wp\/v2\/types\/page"}],"author":[{"embeddable":true,"href":"https:\/\/career.worko.com\/no\/wp-json\/wp\/v2\/users\/2"}],"replies":[{"embeddable":true,"href":"https:\/\/career.worko.com\/no\/wp-json\/wp\/v2\/comments?post=2053"}],"version-history":[{"count":26,"href":"https:\/\/career.worko.com\/no\/wp-json\/wp\/v2\/pages\/2053\/revisions"}],"predecessor-version":[{"id":2625,"href":"https:\/\/career.worko.com\/no\/wp-json\/wp\/v2\/pages\/2053\/revisions\/2625"}],"wp:attachment":[{"href":"https:\/\/career.worko.com\/no\/wp-json\/wp\/v2\/media?parent=2053"}],"wp:term":[{"taxonomy":"wf_page_folders","embeddable":true,"href":"https:\/\/career.worko.com\/no\/wp-json\/wp\/v2\/wf_page_folders?post=2053"}],"curies":[{"name":"wp","href":"https:\/\/api.w.org\/{rel}","templated":true}]}}