{"id":2049,"date":"2023-08-25T12:07:20","date_gmt":"2023-08-25T12:07:20","guid":{"rendered":"https:\/\/career.worko.com\/din-timing\/"},"modified":"2023-10-12T11:19:54","modified_gmt":"2023-10-12T11:19:54","slug":"din-timing-it","status":"publish","type":"page","link":"https:\/\/career.worko.com\/no\/din-timing-it\/","title":{"rendered":"Din timing"},"content":{"rendered":"\t\t<div data-elementor-type=\"wp-page\" data-elementor-id=\"2049\" class=\"elementor elementor-2049 elementor-1751\" data-elementor-post-type=\"page\">\n\t\t\t\t\t\t<section class=\"elementor-section elementor-top-section elementor-element elementor-element-99ee948 elementor-section-boxed elementor-section-height-default elementor-section-height-default\" data-id=\"99ee948\" data-element_type=\"section\">\n\t\t\t\t\t\t<div class=\"elementor-container elementor-column-gap-default\">\n\t\t\t\t\t<div class=\"elementor-column elementor-col-100 elementor-top-column elementor-element elementor-element-091aa44\" data-id=\"091aa44\" data-element_type=\"column\">\n\t\t\t<div class=\"elementor-widget-wrap elementor-element-populated\">\n\t\t\t\t\t\t<div class=\"elementor-element elementor-element-3975a56 elementor-view-default elementor-widget elementor-widget-icon\" data-id=\"3975a56\" data-element_type=\"widget\" data-widget_type=\"icon.default\">\n\t\t\t\t<div class=\"elementor-widget-container\">\n\t\t\t\t\t<div class=\"elementor-icon-wrapper\">\n\t\t\t<div class=\"elementor-icon\">\n\t\t\t<i aria-hidden=\"true\" class=\"far fa-clock\"><\/i>\t\t\t<\/div>\n\t\t<\/div>\n\t\t\t\t<\/div>\n\t\t\t\t<\/div>\n\t\t\t\t<div class=\"elementor-element elementor-element-d0b5a3b elementor-widget elementor-widget-text-editor\" data-id=\"d0b5a3b\" data-element_type=\"widget\" data-widget_type=\"text-editor.default\">\n\t\t\t\t<div class=\"elementor-widget-container\">\n\t\t\t\t\t\t\t<p><span class=\"TextRun SCXW253767922 BCX0\" lang=\"SV-SE\" xml:lang=\"SV-SE\" data-contrast=\"none\"><span class=\"NormalTextRun SpellingErrorV2Themed SCXW253767922 BCX0\">Kanskje<\/span><span class=\"NormalTextRun SCXW253767922 BCX0\"> du har <\/span><span class=\"NormalTextRun SpellingErrorV2Themed SCXW253767922 BCX0\">opplevd<\/span><span class=\"NormalTextRun SCXW253767922 BCX0\"> at en <\/span><span class=\"NormalTextRun SpellingErrorV2Themed SCXW253767922 BCX0\">spennende<\/span> <span class=\"NormalTextRun SpellingErrorV2Themed SCXW253767922 BCX0\">mulighet<\/span> <span class=\"NormalTextRun SpellingErrorV2Themed SCXW253767922 BCX0\">dukket<\/span><span class=\"NormalTextRun SCXW253767922 BCX0\"> opp, men p\u00e5 <\/span><span class=\"NormalTextRun SpellingErrorV2Themed SCXW253767922 BCX0\">feil<\/span> <span class=\"NormalTextRun SpellingErrorV2Themed SCXW253767922 BCX0\">tidspunkt<\/span><span class=\"NormalTextRun SCXW253767922 BCX0\">? Vi matcher <\/span><span class=\"NormalTextRun SpellingErrorV2Themed SCXW253767922 BCX0\">ikke<\/span><span class=\"NormalTextRun SCXW253767922 BCX0\"> bare <\/span><span class=\"NormalTextRun SpellingErrorV2Themed SCXW253767922 BCX0\">arbeidsgivere<\/span><span class=\"NormalTextRun SCXW253767922 BCX0\"> med <\/span><span class=\"NormalTextRun SpellingErrorV2Themed SCXW253767922 BCX0\">dine<\/span> <span class=\"NormalTextRun SpellingErrorV2Themed SCXW253767922 BCX0\">preferanser<\/span><span class=\"NormalTextRun SCXW253767922 BCX0\">, men <\/span><span class=\"NormalTextRun SpellingErrorV2Themed SCXW253767922 BCX0\">ogs\u00e5<\/span><span class=\"NormalTextRun SCXW253767922 BCX0\"> med din <\/span><span class=\"NormalTextRun SpellingErrorV2Themed SCXW253767922 BCX0\">tilgjengelighet<\/span><span class=\"NormalTextRun SCXW253767922 BCX0\">. <\/span><span class=\"NormalTextRun SpellingErrorV2Themed SCXW253767922 BCX0\">V\u00e6r<\/span><span class=\"NormalTextRun SCXW253767922 BCX0\"> proaktiv i din <\/span><span class=\"NormalTextRun SpellingErrorV2Themed SCXW253767922 BCX0\">karriere<\/span> <span class=\"NormalTextRun SpellingErrorV2Themed SCXW253767922 BCX0\">og<\/span> <span class=\"NormalTextRun SpellingErrorV2Themed SCXW253767922 BCX0\">oppgi<\/span><span class=\"NormalTextRun SCXW253767922 BCX0\"> n\u00e5r du er klar <\/span><span class=\"NormalTextRun SpellingErrorV2Themed SCXW253767922 BCX0\">til<\/span><span class=\"NormalTextRun SCXW253767922 BCX0\"> \u00e5 <\/span><span class=\"NormalTextRun SpellingErrorV2Themed SCXW253767922 BCX0\">utforske<\/span> <span class=\"NormalTextRun SpellingErrorV2Themed SCXW253767922 BCX0\">jobbmulighetene<\/span> <span class=\"NormalTextRun SpellingErrorV2Themed SCXW253767922 BCX0\">dine<\/span><span class=\"NormalTextRun SCXW253767922 BCX0\">. Mens du <\/span><span class=\"NormalTextRun SpellingErrorV2Themed SCXW253767922 BCX0\">fokuserer<\/span><span class=\"NormalTextRun SCXW253767922 BCX0\"> p\u00e5 din <\/span><span class=\"NormalTextRun SpellingErrorV2Themed SCXW253767922 BCX0\">n\u00e5v\u00e6rende<\/span><span class=\"NormalTextRun SCXW253767922 BCX0\"> jobb, vil vi finne en <\/span><span class=\"NormalTextRun SpellingErrorV2Themed SCXW253767922 BCX0\">arbeidsgiver<\/span><span class=\"NormalTextRun SCXW253767922 BCX0\"> som <\/span><span class=\"NormalTextRun SpellingErrorV2Themed SCXW253767922 BCX0\">passer<\/span> <span class=\"NormalTextRun SpellingErrorV2Themed SCXW253767922 BCX0\">dine<\/span> <span class=\"NormalTextRun SpellingErrorV2Themed SCXW253767922 BCX0\">preferanser<\/span><span class=\"NormalTextRun SCXW253767922 BCX0\"> &#8211; <\/span><span class=\"NormalTextRun SpellingErrorV2Themed SCXW253767922 BCX0\">til<\/span><span class=\"NormalTextRun SCXW253767922 BCX0\"> det <\/span><span class=\"NormalTextRun SpellingErrorV2Themed SCXW253767922 BCX0\">tidspunktet<\/span><span class=\"NormalTextRun SCXW253767922 BCX0\"> du er klar.<\/span><\/span><span class=\"EOP SCXW253767922 BCX0\" data-ccp-props=\"{}\">\u00a0<\/span><\/p>\t\t\t\t\t\t<\/div>\n\t\t\t\t<\/div>\n\t\t\t\t\t<\/div>\n\t\t<\/div>\n\t\t\t\t\t<\/div>\n\t\t<\/section>\n\t\t\t\t<section class=\"elementor-section elementor-top-section elementor-element elementor-element-35d4fe6 elementor-section-boxed elementor-section-height-default elementor-section-height-default\" data-id=\"35d4fe6\" data-element_type=\"section\">\n\t\t\t\t\t\t<div class=\"elementor-container elementor-column-gap-default\">\n\t\t\t\t\t<div class=\"elementor-column elementor-col-100 elementor-top-column elementor-element elementor-element-b3714db\" data-id=\"b3714db\" data-element_type=\"column\">\n\t\t\t<div class=\"elementor-widget-wrap elementor-element-populated\">\n\t\t\t\t\t\t<div class=\"elementor-element elementor-element-029efd7 elementor-widget elementor-widget-html\" data-id=\"029efd7\" data-element_type=\"widget\" data-widget_type=\"html.default\">\n\t\t\t\t<div class=\"elementor-widget-container\">\n\t\t\t<div data-form-block-id=\"d0922543-124e-ee11-be6e-0022489c236c\"><\/div> <script src=\"https:\/\/mktdplp102cdn.azureedge.net\/public\/latest\/js\/form-loader.js?v=1.84.2007\"><\/script> <div id=\"dGlhs3DrKfSE82EnKzhhMqtY4EhFZVt0ysYR3naeBHi8\"><\/div><script src=\"https:\/\/mktdplp102cdn.azureedge.net\/public\/latest\/js\/ws-tracking.js?v=1.84.2007\"><\/script><div class=\"d365-mkt-config\" style=\"display:none\" data-website-id=\"Glhs3DrKfSE82EnKzhhMqtY4EhFZVt0ysYR3naeBHi8\" data-hostname=\"cb9fcc8175d54a69ab150e6ef6528a37.svc.dynamics.com\"><\/div>\t\t<\/div>\n\t\t\t\t<\/div>\n\t\t\t\t\t<\/div>\n\t\t<\/div>\n\t\t\t\t\t<\/div>\n\t\t<\/section>\n\t\t\t\t<section class=\"elementor-section elementor-top-section elementor-element elementor-element-483c644 elementor-section-boxed elementor-section-height-default elementor-section-height-default\" data-id=\"483c644\" data-element_type=\"section\">\n\t\t\t\t\t\t<div class=\"elementor-container elementor-column-gap-default\">\n\t\t\t\t\t<div class=\"elementor-column elementor-col-100 elementor-top-column elementor-element elementor-element-b700c55\" data-id=\"b700c55\" data-element_type=\"column\">\n\t\t\t<div class=\"elementor-widget-wrap elementor-element-populated\">\n\t\t\t\t\t\t<div class=\"elementor-element elementor-element-95f45bd elementor-widget-divider--view-line elementor-widget elementor-widget-divider\" data-id=\"95f45bd\" data-element_type=\"widget\" data-widget_type=\"divider.default\">\n\t\t\t\t<div class=\"elementor-widget-container\">\n\t\t\t\t\t<div class=\"elementor-divider\">\n\t\t\t<span class=\"elementor-divider-separator\">\n\t\t\t\t\t\t<\/span>\n\t\t<\/div>\n\t\t\t\t<\/div>\n\t\t\t\t<\/div>\n\t\t\t\t<div class=\"elementor-element elementor-element-eaff013 elementor-widget elementor-widget-heading\" data-id=\"eaff013\" data-element_type=\"widget\" data-widget_type=\"heading.default\">\n\t\t\t\t<div class=\"elementor-widget-container\">\n\t\t\t<h3 class=\"elementor-heading-title elementor-size-default\">Karrierebloggen<\/h3>\t\t<\/div>\n\t\t\t\t<\/div>\n\t\t\t\t<div class=\"elementor-element elementor-element-28338a2 elementor-widget elementor-widget-text-editor\" data-id=\"28338a2\" data-element_type=\"widget\" data-widget_type=\"text-editor.default\">\n\t\t\t\t<div class=\"elementor-widget-container\">\n\t\t\t\t\t\t\t<p><span class=\"TextRun SCXW146056566 BCX0\" lang=\"SV-SE\" xml:lang=\"SV-SE\" data-contrast=\"none\"><span class=\"NormalTextRun SCXW146056566 BCX0\">Vi <\/span><span class=\"NormalTextRun SpellingErrorV2Themed SCXW146056566 BCX0\">hjelper<\/span><span class=\"NormalTextRun SCXW146056566 BCX0\"> deg som <\/span><span class=\"NormalTextRun SpellingErrorV2Themed SCXW146056566 BCX0\">jobber<\/span> <span class=\"NormalTextRun SpellingErrorV2Themed SCXW146056566 BCX0\">innenfor<\/span><span class=\"NormalTextRun SCXW146056566 BCX0\"> IT med \u00e5 ta <\/span><span class=\"NormalTextRun SpellingErrorV2Themed SCXW146056566 BCX0\">neste<\/span><span class=\"NormalTextRun SCXW146056566 BCX0\"> steg i <\/span><span class=\"NormalTextRun SpellingErrorV2Themed SCXW146056566 BCX0\">karrieren<\/span><span class=\"NormalTextRun SCXW146056566 BCX0\">.<\/span><\/span><span class=\"EOP SCXW146056566 BCX0\" data-ccp-props=\"{}\">\u00a0<\/span><\/p>\t\t\t\t\t\t<\/div>\n\t\t\t\t<\/div>\n\t\t\t\t\t<\/div>\n\t\t<\/div>\n\t\t\t\t\t<\/div>\n\t\t<\/section>\n\t\t\t\t<section class=\"elementor-section elementor-top-section elementor-element elementor-element-b15bd2b elementor-section-boxed elementor-section-height-default elementor-section-height-default\" data-id=\"b15bd2b\" data-element_type=\"section\">\n\t\t\t\t\t\t<div class=\"elementor-container elementor-column-gap-default\">\n\t\t\t\t\t<div class=\"elementor-column elementor-col-100 elementor-top-column elementor-element elementor-element-35c77c0\" data-id=\"35c77c0\" data-element_type=\"column\">\n\t\t\t<div class=\"elementor-widget-wrap elementor-element-populated\">\n\t\t\t\t\t\t<div class=\"elementor-element elementor-element-7c43529 elementor-grid-3 elementor-grid-tablet-2 elementor-grid-mobile-1 elementor-posts--thumbnail-top elementor-widget elementor-widget-posts\" data-id=\"7c43529\" data-element_type=\"widget\" data-settings=\"{&quot;classic_row_gap&quot;:{&quot;unit&quot;:&quot;px&quot;,&quot;size&quot;:46,&quot;sizes&quot;:[]},&quot;classic_columns&quot;:&quot;3&quot;,&quot;classic_columns_tablet&quot;:&quot;2&quot;,&quot;classic_columns_mobile&quot;:&quot;1&quot;,&quot;classic_row_gap_tablet&quot;:{&quot;unit&quot;:&quot;px&quot;,&quot;size&quot;:&quot;&quot;,&quot;sizes&quot;:[]},&quot;classic_row_gap_mobile&quot;:{&quot;unit&quot;:&quot;px&quot;,&quot;size&quot;:&quot;&quot;,&quot;sizes&quot;:[]}}\" data-widget_type=\"posts.classic\">\n\t\t\t\t<div class=\"elementor-widget-container\">\n\t\t\t\t\t<div class=\"elementor-posts-container elementor-posts elementor-posts--skin-classic elementor-grid\">\n\t\t\t\t<article class=\"elementor-post elementor-grid-item post-1961 post type-post status-publish format-standard has-post-thumbnail hentry category-karrieretips\">\n\t\t\t\t<a class=\"elementor-post__thumbnail__link\" href=\"https:\/\/career.worko.com\/no\/ai-implementeres-hos-bade-konsulent-og-produktselskaper-slik-sikrer-du-din-relevans-som-systemutviklere-for-fremtiden\/\" >\n\t\t\t<div class=\"elementor-post__thumbnail\"><img fetchpriority=\"high\" decoding=\"async\" width=\"300\" height=\"225\" src=\"https:\/\/career.worko.com\/wp-content\/uploads\/2023\/06\/Copy-of-system-developer-soft-skills-300x225.png\" class=\"attachment-medium size-medium wp-image-1314\" alt=\"Systemutvecklare AI\" srcset=\"https:\/\/career.worko.com\/wp-content\/uploads\/2023\/06\/Copy-of-system-developer-soft-skills-300x225.png 300w, https:\/\/career.worko.com\/wp-content\/uploads\/2023\/06\/Copy-of-system-developer-soft-skills-768x576.png 768w, https:\/\/career.worko.com\/wp-content\/uploads\/2023\/06\/Copy-of-system-developer-soft-skills-600x450.png 600w, https:\/\/career.worko.com\/wp-content\/uploads\/2023\/06\/Copy-of-system-developer-soft-skills-160x120.png 160w, https:\/\/career.worko.com\/wp-content\/uploads\/2023\/06\/Copy-of-system-developer-soft-skills.png 820w\" sizes=\"(max-width: 300px) 100vw, 300px\" \/><\/div>\n\t\t<\/a>\n\t\t\t\t<div class=\"elementor-post__text\">\n\t\t\t\t<h3 class=\"elementor-post__title\">\n\t\t\t<a href=\"https:\/\/career.worko.com\/no\/ai-implementeres-hos-bade-konsulent-og-produktselskaper-slik-sikrer-du-din-relevans-som-systemutviklere-for-fremtiden\/\" >\n\t\t\t\tAI implementeres hos b\u00e5de konsulent- og produktselskaper \u2013 slik sikrer du din relevans som systemutviklere for fremtiden\t\t\t<\/a>\n\t\t<\/h3>\n\t\t\t\t<div class=\"elementor-post__excerpt\">\n\t\t\t<p>At ChatGPT har kommet og begynt \u00e5 bli tatt i bruk av b\u00e5de privatpersoner og selskap har ikke g\u00e5tt noen hus forbi. Flere bedrifter, ikke minst innenfor din bransje, har<\/p>\n\t\t<\/div>\n\t\t\n\t\t<a class=\"elementor-post__read-more\" href=\"https:\/\/career.worko.com\/no\/ai-implementeres-hos-bade-konsulent-og-produktselskaper-slik-sikrer-du-din-relevans-som-systemutviklere-for-fremtiden\/\" aria-label=\"Read more about AI implementeres hos b\u00e5de konsulent- og produktselskaper \u2013 slik sikrer du din relevans som systemutviklere for fremtiden\" >\n\t\t\tLes mer \u00bb\t\t<\/a>\n\n\t\t\t\t<\/div>\n\t\t\t\t<\/article>\n\t\t\t\t<article class=\"elementor-post elementor-grid-item post-1117 post type-post status-publish format-standard has-post-thumbnail hentry category-karriartips category-karrieretips\">\n\t\t\t\t<a class=\"elementor-post__thumbnail__link\" href=\"https:\/\/career.worko.com\/no\/hvem-byr-hoyest-markedets-best-betalte-jobber-kan-bli-dine-med-en-proaktiv-karriere\/\" >\n\t\t\t<div class=\"elementor-post__thumbnail\"><img decoding=\"async\" width=\"300\" height=\"225\" src=\"https:\/\/career.worko.com\/wp-content\/uploads\/2023\/01\/hog-lon-300x225.jpg\" class=\"attachment-medium size-medium wp-image-1118\" alt=\"\" srcset=\"https:\/\/career.worko.com\/wp-content\/uploads\/2023\/01\/hog-lon-300x225.jpg 300w, https:\/\/career.worko.com\/wp-content\/uploads\/2023\/01\/hog-lon-768x576.jpg 768w, https:\/\/career.worko.com\/wp-content\/uploads\/2023\/01\/hog-lon-600x450.jpg 600w, https:\/\/career.worko.com\/wp-content\/uploads\/2023\/01\/hog-lon-160x120.jpg 160w, https:\/\/career.worko.com\/wp-content\/uploads\/2023\/01\/hog-lon.jpg 820w\" sizes=\"(max-width: 300px) 100vw, 300px\" \/><\/div>\n\t\t<\/a>\n\t\t\t\t<div class=\"elementor-post__text\">\n\t\t\t\t<h3 class=\"elementor-post__title\">\n\t\t\t<a href=\"https:\/\/career.worko.com\/no\/hvem-byr-hoyest-markedets-best-betalte-jobber-kan-bli-dine-med-en-proaktiv-karriere\/\" >\n\t\t\t\tHvem byr h\u00f8yest? Markedets best betalte jobber kan bli dine med en proaktiv karriere\t\t\t<\/a>\n\t\t<\/h3>\n\t\t\t\t<div class=\"elementor-post__excerpt\">\n\t\t\t<p>Hvorfor engasjere seg i andre selskaper n\u00e5r du trives der du er? Svaret er enkelt: Bortsett fra at du kan finne nye spennende prosjekter hvis du fortsetter \u00e5 g\u00e5 p\u00e5<\/p>\n\t\t<\/div>\n\t\t\n\t\t<a class=\"elementor-post__read-more\" href=\"https:\/\/career.worko.com\/no\/hvem-byr-hoyest-markedets-best-betalte-jobber-kan-bli-dine-med-en-proaktiv-karriere\/\" aria-label=\"Read more about Hvem byr h\u00f8yest? Markedets best betalte jobber kan bli dine med en proaktiv karriere\" >\n\t\t\tLes mer \u00bb\t\t<\/a>\n\n\t\t\t\t<\/div>\n\t\t\t\t<\/article>\n\t\t\t\t<article class=\"elementor-post elementor-grid-item post-1127 post type-post status-publish format-standard has-post-thumbnail hentry category-karrieretips\">\n\t\t\t\t<a class=\"elementor-post__thumbnail__link\" href=\"https:\/\/career.worko.com\/no\/topp-3-mest-trendy-soft-skills-blant-systemutviklere-som-bedriftene-soker-etter-i-2023\/\" >\n\t\t\t<div class=\"elementor-post__thumbnail\"><img decoding=\"async\" width=\"300\" height=\"225\" src=\"https:\/\/career.worko.com\/wp-content\/uploads\/2023\/02\/system-developer-soft-skills-300x225.jpg\" class=\"attachment-medium size-medium wp-image-795\" alt=\"\" srcset=\"https:\/\/career.worko.com\/wp-content\/uploads\/2023\/02\/system-developer-soft-skills-300x225.jpg 300w, https:\/\/career.worko.com\/wp-content\/uploads\/2023\/02\/system-developer-soft-skills-768x576.jpg 768w, https:\/\/career.worko.com\/wp-content\/uploads\/2023\/02\/system-developer-soft-skills-600x450.jpg 600w, https:\/\/career.worko.com\/wp-content\/uploads\/2023\/02\/system-developer-soft-skills-160x120.jpg 160w, https:\/\/career.worko.com\/wp-content\/uploads\/2023\/02\/system-developer-soft-skills.jpg 820w\" sizes=\"(max-width: 300px) 100vw, 300px\" \/><\/div>\n\t\t<\/a>\n\t\t\t\t<div class=\"elementor-post__text\">\n\t\t\t\t<h3 class=\"elementor-post__title\">\n\t\t\t<a href=\"https:\/\/career.worko.com\/no\/topp-3-mest-trendy-soft-skills-blant-systemutviklere-som-bedriftene-soker-etter-i-2023\/\" >\n\t\t\t\tTopp 3 mest trendy soft skills blant systemutviklere som bedriftene s\u00f8ker etter i 2023\t\t\t<\/a>\n\t\t<\/h3>\n\t\t\t\t<div class=\"elementor-post__excerpt\">\n\t\t\t<p>Fra \u00e5 kode alene i et m\u00f8rkt rom i seks m\u00e5neder etter vannfallsprinsippet, til \u00e5 jobbe i et smidig team under en scrum master &#8211; en typisk arbeidsdag for en<\/p>\n\t\t<\/div>\n\t\t\n\t\t<a class=\"elementor-post__read-more\" href=\"https:\/\/career.worko.com\/no\/topp-3-mest-trendy-soft-skills-blant-systemutviklere-som-bedriftene-soker-etter-i-2023\/\" aria-label=\"Read more about Topp 3 mest trendy soft skills blant systemutviklere som bedriftene s\u00f8ker etter i 2023\" >\n\t\t\tLes mer \u00bb\t\t<\/a>\n\n\t\t\t\t<\/div>\n\t\t\t\t<\/article>\n\t\t\t\t<\/div>\n\t\t\n\t\t\t\t<\/div>\n\t\t\t\t<\/div>\n\t\t\t\t\t<\/div>\n\t\t<\/div>\n\t\t\t\t\t<\/div>\n\t\t<\/section>\n\t\t\t\t<\/div>\n\t\t","protected":false},"excerpt":{"rendered":"<p>Kanskje du har opplevd at en spennende mulighet dukket opp, men p\u00e5 feil tidspunkt? Vi matcher ikke bare arbeidsgivere med dine preferanser, men ogs\u00e5 med din tilgjengelighet. V\u00e6r proaktiv i&hellip;<a href=\"https:\/\/career.worko.com\/no\/topp-3-mest-trendy-soft-skills-blant-systemutviklere-som-bedriftene-soker-etter-i-2023\/\">Read more<\/a><\/p>\n","protected":false},"author":2,"featured_media":0,"parent":0,"menu_order":0,"comment_status":"closed","ping_status":"closed","template":"","meta":{"_acf_changed":false,"footnotes":""},"wf_page_folders":[],"class_list":["post-2049","page","type-page","status-publish","hentry"],"acf":[],"aioseo_notices":[],"_links":{"self":[{"href":"https:\/\/career.worko.com\/no\/wp-json\/wp\/v2\/pages\/2049","targetHints":{"allow":["GET"]}}],"collection":[{"href":"https:\/\/career.worko.com\/no\/wp-json\/wp\/v2\/pages"}],"about":[{"href":"https:\/\/career.worko.com\/no\/wp-json\/wp\/v2\/types\/page"}],"author":[{"embeddable":true,"href":"https:\/\/career.worko.com\/no\/wp-json\/wp\/v2\/users\/2"}],"replies":[{"embeddable":true,"href":"https:\/\/career.worko.com\/no\/wp-json\/wp\/v2\/comments?post=2049"}],"version-history":[{"count":23,"href":"https:\/\/career.worko.com\/no\/wp-json\/wp\/v2\/pages\/2049\/revisions"}],"predecessor-version":[{"id":2260,"href":"https:\/\/career.worko.com\/no\/wp-json\/wp\/v2\/pages\/2049\/revisions\/2260"}],"wp:attachment":[{"href":"https:\/\/career.worko.com\/no\/wp-json\/wp\/v2\/media?parent=2049"}],"wp:term":[{"taxonomy":"wf_page_folders","embeddable":true,"href":"https:\/\/career.worko.com\/no\/wp-json\/wp\/v2\/wf_page_folders?post=2049"}],"curies":[{"name":"wp","href":"https:\/\/api.w.org\/{rel}","templated":true}]}}