{"id":1990,"date":"2023-08-25T11:24:48","date_gmt":"2023-08-25T11:24:48","guid":{"rendered":"https:\/\/career.worko.com\/preferanser\/"},"modified":"2023-10-12T11:26:49","modified_gmt":"2023-10-12T11:26:49","slug":"dine-preferanser-it","status":"publish","type":"page","link":"https:\/\/career.worko.com\/no\/dine-preferanser-it\/","title":{"rendered":"Dine preferanser"},"content":{"rendered":"\t\t<div data-elementor-type=\"wp-page\" data-elementor-id=\"1990\" class=\"elementor elementor-1990\" data-elementor-post-type=\"page\">\n\t\t\t\t\t\t<section class=\"elementor-section elementor-top-section elementor-element elementor-element-4394588 elementor-section-boxed elementor-section-height-default elementor-section-height-default\" data-id=\"4394588\" data-element_type=\"section\">\n\t\t\t\t\t\t<div class=\"elementor-container elementor-column-gap-default\">\n\t\t\t\t\t<div class=\"elementor-column elementor-col-100 elementor-top-column elementor-element elementor-element-2b5e164\" data-id=\"2b5e164\" data-element_type=\"column\">\n\t\t\t<div class=\"elementor-widget-wrap elementor-element-populated\">\n\t\t\t\t\t\t<div class=\"elementor-element elementor-element-a070009 elementor-widget elementor-widget-image\" data-id=\"a070009\" data-element_type=\"widget\" data-widget_type=\"image.default\">\n\t\t\t\t<div class=\"elementor-widget-container\">\n\t\t\t\t\t\t\t\t\t\t\t\t\t<img decoding=\"async\" width=\"300\" height=\"61\" src=\"https:\/\/career.worko.com\/wp-content\/uploads\/2023\/09\/Skarmavbild-2023-09-07-kl.-13.29.37-300x61.png\" class=\"attachment-medium size-medium wp-image-2014\" alt=\"\" srcset=\"https:\/\/career.worko.com\/wp-content\/uploads\/2023\/09\/Skarmavbild-2023-09-07-kl.-13.29.37-300x61.png 300w, https:\/\/career.worko.com\/wp-content\/uploads\/2023\/09\/Skarmavbild-2023-09-07-kl.-13.29.37-768x156.png 768w, https:\/\/career.worko.com\/wp-content\/uploads\/2023\/09\/Skarmavbild-2023-09-07-kl.-13.29.37.png 858w\" sizes=\"(max-width: 300px) 100vw, 300px\" \/>\t\t\t\t\t\t\t\t\t\t\t\t\t<\/div>\n\t\t\t\t<\/div>\n\t\t\t\t\t<\/div>\n\t\t<\/div>\n\t\t\t\t\t<\/div>\n\t\t<\/section>\n\t\t\t\t<section class=\"elementor-section elementor-top-section elementor-element elementor-element-ddd0b85 elementor-section-boxed elementor-section-height-default elementor-section-height-default\" data-id=\"ddd0b85\" data-element_type=\"section\">\n\t\t\t\t\t\t<div class=\"elementor-container elementor-column-gap-default\">\n\t\t\t\t\t<div class=\"elementor-column elementor-col-100 elementor-top-column elementor-element elementor-element-bf0643f\" data-id=\"bf0643f\" data-element_type=\"column\">\n\t\t\t<div class=\"elementor-widget-wrap elementor-element-populated\">\n\t\t\t\t\t\t<div class=\"elementor-element elementor-element-ec8f66d elementor-widget elementor-widget-text-editor\" data-id=\"ec8f66d\" data-element_type=\"widget\" data-widget_type=\"text-editor.default\">\n\t\t\t\t<div class=\"elementor-widget-container\">\n\t\t\t\t\t\t\t<p><span class=\"NormalTextRun SCXW131299627 BCX0\">For deg som <\/span><span class=\"NormalTextRun SpellingErrorV2Themed SCXW131299627 BCX0\">jobber<\/span><span class=\"NormalTextRun SCXW131299627 BCX0\"> i IT<\/span><span class=\"NormalTextRun SCXW131299627 BCX0\">\u00a0er proaktivitet en av de <\/span><span class=\"NormalTextRun SpellingErrorV2Themed SCXW131299627 BCX0\">viktigste<\/span> <span class=\"NormalTextRun SpellingErrorV2Themed SCXW131299627 BCX0\">faktorene<\/span><span class=\"NormalTextRun SCXW131299627 BCX0\"> for <\/span><span class=\"NormalTextRun SpellingErrorV2Themed SCXW131299627 BCX0\">karriereutvikling<\/span> <span class=\"NormalTextRun SpellingErrorV2Themed SCXW131299627 BCX0\">og<\/span><span class=\"NormalTextRun SCXW131299627 BCX0\"> for at du <\/span><span class=\"NormalTextRun ContextualSpellingAndGrammarErrorV2Themed SCXW131299627 BCX0\">skal<\/span><span class=\"NormalTextRun SCXW131299627 BCX0\"> ende p\u00e5 en best <\/span><span class=\"NormalTextRun SpellingErrorV2Themed SCXW131299627 BCX0\">mulig<\/span> <span class=\"NormalTextRun SpellingErrorV2Themed SCXW131299627 BCX0\">arbeidsplass<\/span><span class=\"NormalTextRun SCXW131299627 BCX0\"> for deg. Fyll <\/span><span class=\"NormalTextRun SpellingErrorV2Themed SCXW131299627 BCX0\">inn<\/span> <span class=\"NormalTextRun SpellingErrorV2Themed SCXW131299627 BCX0\">dine<\/span> <span class=\"NormalTextRun SpellingErrorV2Themed SCXW131299627 BCX0\">preferanser<\/span> <span class=\"NormalTextRun SpellingErrorV2Themed SCXW131299627 BCX0\">og<\/span> <span class=\"NormalTextRun SCXW131299627 BCX0\">fortsett<\/span><span class=\"NormalTextRun SCXW131299627 BCX0\"> \u00e5 <\/span><span class=\"NormalTextRun SCXW131299627 BCX0\">fokuser<\/span><span class=\"NormalTextRun SCXW131299627 BCX0\"> p\u00e5 jobben din. I <\/span><span class=\"NormalTextRun SCXW131299627 BCX0\">mellomtiden<\/span><span class=\"NormalTextRun SCXW131299627 BCX0\"> matcher vi <\/span><span class=\"NormalTextRun SCXW131299627 BCX0\">dine<\/span> <span class=\"NormalTextRun SCXW131299627 BCX0\">preferanser<\/span><span class=\"NormalTextRun SCXW131299627 BCX0\"> mot <\/span><span class=\"NormalTextRun SCXW131299627 BCX0\">selskapene<\/span><span class=\"NormalTextRun SCXW131299627 BCX0\"> vi <\/span><span class=\"NormalTextRun SCXW131299627 BCX0\">jobber<\/span><span class=\"NormalTextRun SCXW131299627 BCX0\"> med, vil ha den <\/span><span class=\"NormalTextRun SCXW131299627 BCX0\">rette<\/span> <span class=\"NormalTextRun SCXW131299627 BCX0\">arbeidsgiveren<\/span><span class=\"NormalTextRun SCXW131299627 BCX0\"> p\u00e5 <\/span><span class=\"NormalTextRun SCXW131299627 BCX0\">plass<\/span><span class=\"NormalTextRun SCXW131299627 BCX0\"> for deg n\u00e5r du er klar for \u00e5 <\/span><span class=\"NormalTextRun SCXW131299627 BCX0\">utforske<\/span> <span class=\"NormalTextRun SCXW131299627 BCX0\">noe<\/span><span class=\"NormalTextRun SCXW131299627 BCX0\"> nytt.<\/span><\/p>\t\t\t\t\t\t<\/div>\n\t\t\t\t<\/div>\n\t\t\t\t\t<\/div>\n\t\t<\/div>\n\t\t\t\t\t<\/div>\n\t\t<\/section>\n\t\t\t\t<section class=\"elementor-section elementor-top-section elementor-element elementor-element-9b4b9ea elementor-section-boxed elementor-section-height-default elementor-section-height-default\" data-id=\"9b4b9ea\" data-element_type=\"section\">\n\t\t\t\t\t\t<div class=\"elementor-container elementor-column-gap-default\">\n\t\t\t\t\t<div class=\"elementor-column elementor-col-100 elementor-top-column elementor-element elementor-element-b01097a\" data-id=\"b01097a\" data-element_type=\"column\">\n\t\t\t<div class=\"elementor-widget-wrap elementor-element-populated\">\n\t\t\t\t\t\t<div class=\"elementor-element elementor-element-c76b8b6 elementor-widget elementor-widget-html\" data-id=\"c76b8b6\" data-element_type=\"widget\" data-widget_type=\"html.default\">\n\t\t\t\t<div class=\"elementor-widget-container\">\n\t\t\t<div data-form-block-id=\"9f1d69d3-5c4d-ee11-be6f-0022489c21a2\"><\/div> <script src=\"https:\/\/mktdplp102cdn.azureedge.net\/public\/latest\/js\/form-loader.js?v=1.84.2007\"><\/script> <div id=\"dGlhs3DrKfSE82EnKzhhMqtY4EhFZVt0ysYR3naeBHi8\"><\/div><script src=\"https:\/\/mktdplp102cdn.azureedge.net\/public\/latest\/js\/ws-tracking.js?v=1.84.2007\"><\/script><div class=\"d365-mkt-config\" style=\"display:none\" data-website-id=\"Glhs3DrKfSE82EnKzhhMqtY4EhFZVt0ysYR3naeBHi8\" data-hostname=\"cb9fcc8175d54a69ab150e6ef6528a37.svc.dynamics.com\"><\/div>\t\t<\/div>\n\t\t\t\t<\/div>\n\t\t\t\t\t<\/div>\n\t\t<\/div>\n\t\t\t\t\t<\/div>\n\t\t<\/section>\n\t\t\t\t<section class=\"elementor-section elementor-top-section elementor-element elementor-element-da54c41 elementor-section-boxed elementor-section-height-default elementor-section-height-default\" data-id=\"da54c41\" data-element_type=\"section\">\n\t\t\t\t\t\t<div class=\"elementor-container elementor-column-gap-default\">\n\t\t\t\t\t<div class=\"elementor-column elementor-col-100 elementor-top-column elementor-element elementor-element-1a73de1\" data-id=\"1a73de1\" data-element_type=\"column\">\n\t\t\t<div class=\"elementor-widget-wrap elementor-element-populated\">\n\t\t\t\t\t\t<div class=\"elementor-element elementor-element-7aa11a7 elementor-widget-divider--view-line elementor-widget elementor-widget-divider\" data-id=\"7aa11a7\" data-element_type=\"widget\" data-widget_type=\"divider.default\">\n\t\t\t\t<div class=\"elementor-widget-container\">\n\t\t\t\t\t<div class=\"elementor-divider\">\n\t\t\t<span class=\"elementor-divider-separator\">\n\t\t\t\t\t\t<\/span>\n\t\t<\/div>\n\t\t\t\t<\/div>\n\t\t\t\t<\/div>\n\t\t\t\t<div class=\"elementor-element elementor-element-68cfeaa elementor-widget elementor-widget-heading\" data-id=\"68cfeaa\" data-element_type=\"widget\" data-widget_type=\"heading.default\">\n\t\t\t\t<div class=\"elementor-widget-container\">\n\t\t\t<h3 class=\"elementor-heading-title elementor-size-default\">Karrierebloggen<\/h3>\t\t<\/div>\n\t\t\t\t<\/div>\n\t\t\t\t<div class=\"elementor-element elementor-element-79ec33c elementor-widget elementor-widget-text-editor\" data-id=\"79ec33c\" data-element_type=\"widget\" data-widget_type=\"text-editor.default\">\n\t\t\t\t<div class=\"elementor-widget-container\">\n\t\t\t\t\t\t\t<p><span class=\"NormalTextRun SCXW189020815 BCX0\">Vi <\/span><span class=\"NormalTextRun SpellingErrorV2Themed SCXW189020815 BCX0\">hjelper<\/span><span class=\"NormalTextRun SCXW189020815 BCX0\"> deg som <\/span><span class=\"NormalTextRun SpellingErrorV2Themed SCXW189020815 BCX0\">jobber<\/span> <span class=\"NormalTextRun SpellingErrorV2Themed SCXW189020815 BCX0\">innenfor<\/span><span class=\"NormalTextRun SCXW189020815 BCX0\"> IT med \u00e5 ta <\/span><span class=\"NormalTextRun SpellingErrorV2Themed SCXW189020815 BCX0\">neste<\/span><span class=\"NormalTextRun SCXW189020815 BCX0\"> steg i <\/span><span class=\"NormalTextRun SpellingErrorV2Themed SCXW189020815 BCX0\">karrieren<\/span><\/p>\t\t\t\t\t\t<\/div>\n\t\t\t\t<\/div>\n\t\t\t\t\t<\/div>\n\t\t<\/div>\n\t\t\t\t\t<\/div>\n\t\t<\/section>\n\t\t\t\t<section class=\"elementor-section elementor-top-section elementor-element elementor-element-072c87c elementor-section-boxed elementor-section-height-default elementor-section-height-default\" data-id=\"072c87c\" data-element_type=\"section\">\n\t\t\t\t\t\t<div class=\"elementor-container elementor-column-gap-default\">\n\t\t\t\t\t<div class=\"elementor-column elementor-col-100 elementor-top-column elementor-element elementor-element-570b56d\" data-id=\"570b56d\" data-element_type=\"column\">\n\t\t\t<div class=\"elementor-widget-wrap elementor-element-populated\">\n\t\t\t\t\t\t<div class=\"elementor-element elementor-element-ea6274e elementor-grid-3 elementor-grid-tablet-2 elementor-grid-mobile-1 elementor-posts--thumbnail-top elementor-widget elementor-widget-posts\" data-id=\"ea6274e\" data-element_type=\"widget\" data-settings=\"{&quot;classic_row_gap&quot;:{&quot;unit&quot;:&quot;px&quot;,&quot;size&quot;:0,&quot;sizes&quot;:[]},&quot;classic_columns&quot;:&quot;3&quot;,&quot;classic_columns_tablet&quot;:&quot;2&quot;,&quot;classic_columns_mobile&quot;:&quot;1&quot;,&quot;classic_row_gap_tablet&quot;:{&quot;unit&quot;:&quot;px&quot;,&quot;size&quot;:&quot;&quot;,&quot;sizes&quot;:[]},&quot;classic_row_gap_mobile&quot;:{&quot;unit&quot;:&quot;px&quot;,&quot;size&quot;:&quot;&quot;,&quot;sizes&quot;:[]}}\" data-widget_type=\"posts.classic\">\n\t\t\t\t<div class=\"elementor-widget-container\">\n\t\t\t\t\t<div class=\"elementor-posts-container elementor-posts elementor-posts--skin-classic elementor-grid\">\n\t\t\t\t<article class=\"elementor-post elementor-grid-item post-1961 post type-post status-publish format-standard has-post-thumbnail hentry category-karrieretips\">\n\t\t\t\t<a class=\"elementor-post__thumbnail__link\" href=\"https:\/\/career.worko.com\/no\/ai-implementeres-hos-bade-konsulent-og-produktselskaper-slik-sikrer-du-din-relevans-som-systemutviklere-for-fremtiden\/\" >\n\t\t\t<div class=\"elementor-post__thumbnail\"><img fetchpriority=\"high\" decoding=\"async\" width=\"300\" height=\"225\" src=\"https:\/\/career.worko.com\/wp-content\/uploads\/2023\/06\/Copy-of-system-developer-soft-skills-300x225.png\" class=\"attachment-medium size-medium wp-image-1314\" alt=\"Systemutvecklare AI\" srcset=\"https:\/\/career.worko.com\/wp-content\/uploads\/2023\/06\/Copy-of-system-developer-soft-skills-300x225.png 300w, https:\/\/career.worko.com\/wp-content\/uploads\/2023\/06\/Copy-of-system-developer-soft-skills-768x576.png 768w, https:\/\/career.worko.com\/wp-content\/uploads\/2023\/06\/Copy-of-system-developer-soft-skills-600x450.png 600w, https:\/\/career.worko.com\/wp-content\/uploads\/2023\/06\/Copy-of-system-developer-soft-skills-160x120.png 160w, https:\/\/career.worko.com\/wp-content\/uploads\/2023\/06\/Copy-of-system-developer-soft-skills.png 820w\" sizes=\"(max-width: 300px) 100vw, 300px\" \/><\/div>\n\t\t<\/a>\n\t\t\t\t<div class=\"elementor-post__text\">\n\t\t\t\t<h3 class=\"elementor-post__title\">\n\t\t\t<a href=\"https:\/\/career.worko.com\/no\/ai-implementeres-hos-bade-konsulent-og-produktselskaper-slik-sikrer-du-din-relevans-som-systemutviklere-for-fremtiden\/\" >\n\t\t\t\tAI implementeres hos b\u00e5de konsulent- og produktselskaper \u2013 slik sikrer du din relevans som systemutviklere for fremtiden\t\t\t<\/a>\n\t\t<\/h3>\n\t\t\t\t<div class=\"elementor-post__excerpt\">\n\t\t\t<p>At ChatGPT har kommet og begynt \u00e5 bli tatt i bruk av b\u00e5de privatpersoner og selskap har ikke g\u00e5tt noen hus forbi. Flere bedrifter, ikke minst innenfor din bransje, har<\/p>\n\t\t<\/div>\n\t\t\n\t\t<a class=\"elementor-post__read-more\" href=\"https:\/\/career.worko.com\/no\/ai-implementeres-hos-bade-konsulent-og-produktselskaper-slik-sikrer-du-din-relevans-som-systemutviklere-for-fremtiden\/\" aria-label=\"Read more about AI implementeres hos b\u00e5de konsulent- og produktselskaper \u2013 slik sikrer du din relevans som systemutviklere for fremtiden\" >\n\t\t\tLes mer \u00bb\t\t<\/a>\n\n\t\t\t\t<\/div>\n\t\t\t\t<\/article>\n\t\t\t\t<article class=\"elementor-post elementor-grid-item post-1117 post type-post status-publish format-standard has-post-thumbnail hentry category-karriartips category-karrieretips\">\n\t\t\t\t<a class=\"elementor-post__thumbnail__link\" href=\"https:\/\/career.worko.com\/no\/hvem-byr-hoyest-markedets-best-betalte-jobber-kan-bli-dine-med-en-proaktiv-karriere\/\" >\n\t\t\t<div class=\"elementor-post__thumbnail\"><img decoding=\"async\" width=\"300\" height=\"225\" src=\"https:\/\/career.worko.com\/wp-content\/uploads\/2023\/01\/hog-lon-300x225.jpg\" class=\"attachment-medium size-medium wp-image-1118\" alt=\"\" srcset=\"https:\/\/career.worko.com\/wp-content\/uploads\/2023\/01\/hog-lon-300x225.jpg 300w, https:\/\/career.worko.com\/wp-content\/uploads\/2023\/01\/hog-lon-768x576.jpg 768w, https:\/\/career.worko.com\/wp-content\/uploads\/2023\/01\/hog-lon-600x450.jpg 600w, https:\/\/career.worko.com\/wp-content\/uploads\/2023\/01\/hog-lon-160x120.jpg 160w, https:\/\/career.worko.com\/wp-content\/uploads\/2023\/01\/hog-lon.jpg 820w\" sizes=\"(max-width: 300px) 100vw, 300px\" \/><\/div>\n\t\t<\/a>\n\t\t\t\t<div class=\"elementor-post__text\">\n\t\t\t\t<h3 class=\"elementor-post__title\">\n\t\t\t<a href=\"https:\/\/career.worko.com\/no\/hvem-byr-hoyest-markedets-best-betalte-jobber-kan-bli-dine-med-en-proaktiv-karriere\/\" >\n\t\t\t\tHvem byr h\u00f8yest? Markedets best betalte jobber kan bli dine med en proaktiv karriere\t\t\t<\/a>\n\t\t<\/h3>\n\t\t\t\t<div class=\"elementor-post__excerpt\">\n\t\t\t<p>Hvorfor engasjere seg i andre selskaper n\u00e5r du trives der du er? Svaret er enkelt: Bortsett fra at du kan finne nye spennende prosjekter hvis du fortsetter \u00e5 g\u00e5 p\u00e5<\/p>\n\t\t<\/div>\n\t\t\n\t\t<a class=\"elementor-post__read-more\" href=\"https:\/\/career.worko.com\/no\/hvem-byr-hoyest-markedets-best-betalte-jobber-kan-bli-dine-med-en-proaktiv-karriere\/\" aria-label=\"Read more about Hvem byr h\u00f8yest? Markedets best betalte jobber kan bli dine med en proaktiv karriere\" >\n\t\t\tLes mer \u00bb\t\t<\/a>\n\n\t\t\t\t<\/div>\n\t\t\t\t<\/article>\n\t\t\t\t<article class=\"elementor-post elementor-grid-item post-1127 post type-post status-publish format-standard has-post-thumbnail hentry category-karrieretips\">\n\t\t\t\t<a class=\"elementor-post__thumbnail__link\" href=\"https:\/\/career.worko.com\/no\/topp-3-mest-trendy-soft-skills-blant-systemutviklere-som-bedriftene-soker-etter-i-2023\/\" >\n\t\t\t<div class=\"elementor-post__thumbnail\"><img loading=\"lazy\" decoding=\"async\" width=\"300\" height=\"225\" src=\"https:\/\/career.worko.com\/wp-content\/uploads\/2023\/02\/system-developer-soft-skills-300x225.jpg\" class=\"attachment-medium size-medium wp-image-795\" alt=\"\" srcset=\"https:\/\/career.worko.com\/wp-content\/uploads\/2023\/02\/system-developer-soft-skills-300x225.jpg 300w, https:\/\/career.worko.com\/wp-content\/uploads\/2023\/02\/system-developer-soft-skills-768x576.jpg 768w, https:\/\/career.worko.com\/wp-content\/uploads\/2023\/02\/system-developer-soft-skills-600x450.jpg 600w, https:\/\/career.worko.com\/wp-content\/uploads\/2023\/02\/system-developer-soft-skills-160x120.jpg 160w, https:\/\/career.worko.com\/wp-content\/uploads\/2023\/02\/system-developer-soft-skills.jpg 820w\" sizes=\"(max-width: 300px) 100vw, 300px\" \/><\/div>\n\t\t<\/a>\n\t\t\t\t<div class=\"elementor-post__text\">\n\t\t\t\t<h3 class=\"elementor-post__title\">\n\t\t\t<a href=\"https:\/\/career.worko.com\/no\/topp-3-mest-trendy-soft-skills-blant-systemutviklere-som-bedriftene-soker-etter-i-2023\/\" >\n\t\t\t\tTopp 3 mest trendy soft skills blant systemutviklere som bedriftene s\u00f8ker etter i 2023\t\t\t<\/a>\n\t\t<\/h3>\n\t\t\t\t<div class=\"elementor-post__excerpt\">\n\t\t\t<p>Fra \u00e5 kode alene i et m\u00f8rkt rom i seks m\u00e5neder etter vannfallsprinsippet, til \u00e5 jobbe i et smidig team under en scrum master &#8211; en typisk arbeidsdag for en<\/p>\n\t\t<\/div>\n\t\t\n\t\t<a class=\"elementor-post__read-more\" href=\"https:\/\/career.worko.com\/no\/topp-3-mest-trendy-soft-skills-blant-systemutviklere-som-bedriftene-soker-etter-i-2023\/\" aria-label=\"Read more about Topp 3 mest trendy soft skills blant systemutviklere som bedriftene s\u00f8ker etter i 2023\" >\n\t\t\tLes mer \u00bb\t\t<\/a>\n\n\t\t\t\t<\/div>\n\t\t\t\t<\/article>\n\t\t\t\t<\/div>\n\t\t\n\t\t\t\t<\/div>\n\t\t\t\t<\/div>\n\t\t\t\t\t<\/div>\n\t\t<\/div>\n\t\t\t\t\t<\/div>\n\t\t<\/section>\n\t\t\t\t<\/div>\n\t\t","protected":false},"excerpt":{"rendered":"<p>For deg som jobber i IT\u00a0er proaktivitet en av de viktigste faktorene for karriereutvikling og for at du skal ende p\u00e5 en best mulig arbeidsplass for deg. Fyll inn dine&hellip;<a href=\"https:\/\/career.worko.com\/no\/topp-3-mest-trendy-soft-skills-blant-systemutviklere-som-bedriftene-soker-etter-i-2023\/\">Read more<\/a><\/p>\n","protected":false},"author":2,"featured_media":0,"parent":0,"menu_order":0,"comment_status":"closed","ping_status":"closed","template":"","meta":{"_acf_changed":false,"footnotes":""},"wf_page_folders":[],"class_list":["post-1990","page","type-page","status-publish","hentry"],"acf":[],"aioseo_notices":[],"_links":{"self":[{"href":"https:\/\/career.worko.com\/no\/wp-json\/wp\/v2\/pages\/1990","targetHints":{"allow":["GET"]}}],"collection":[{"href":"https:\/\/career.worko.com\/no\/wp-json\/wp\/v2\/pages"}],"about":[{"href":"https:\/\/career.worko.com\/no\/wp-json\/wp\/v2\/types\/page"}],"author":[{"embeddable":true,"href":"https:\/\/career.worko.com\/no\/wp-json\/wp\/v2\/users\/2"}],"replies":[{"embeddable":true,"href":"https:\/\/career.worko.com\/no\/wp-json\/wp\/v2\/comments?post=1990"}],"version-history":[{"count":29,"href":"https:\/\/career.worko.com\/no\/wp-json\/wp\/v2\/pages\/1990\/revisions"}],"predecessor-version":[{"id":2272,"href":"https:\/\/career.worko.com\/no\/wp-json\/wp\/v2\/pages\/1990\/revisions\/2272"}],"wp:attachment":[{"href":"https:\/\/career.worko.com\/no\/wp-json\/wp\/v2\/media?parent=1990"}],"wp:term":[{"taxonomy":"wf_page_folders","embeddable":true,"href":"https:\/\/career.worko.com\/no\/wp-json\/wp\/v2\/wf_page_folders?post=1990"}],"curies":[{"name":"wp","href":"https:\/\/api.w.org\/{rel}","templated":true}]}}