{"id":1086,"date":"2023-03-10T12:51:26","date_gmt":"2023-03-10T12:51:26","guid":{"rendered":"https:\/\/career.worko.com\/preferanseveilederen\/prosjekter\/"},"modified":"2023-06-20T12:01:56","modified_gmt":"2023-06-20T12:01:56","slug":"prosjekter","status":"publish","type":"page","link":"https:\/\/career.worko.com\/no\/preferanseveilederen\/prosjekter\/","title":{"rendered":"Prosjekter"},"content":{"rendered":"\n<p><strong>Denne preferansen handler om \u00f8nsket om \u00e5 jobbe med spennende prosjekter og kunne velge hvilke prosjekter du innvolveres i. Det inkluderer b\u00e5de \u00e5 gj\u00f8re noe du synes er morsomt eller interessant, samt prosjekter som konsept: \u00e5 jobbe med \u00e8n ting for en begrenset periode, for deretter \u00e5 begynne p\u00e5 noe helt nytt. Du som liker prosjekt tilv\u00e6relsen og foretrekker denne arbeidsmetoden fremfor \u00e5 jobbe kontinuerlig med mer eller mindre det samme, uten en tydelig start eller slutt.<\/strong>&nbsp;<\/p>\n\n\n\n<h2 class=\"wp-block-heading\">Kombinerte preferanser<\/h2>\n\n\n\n<p>De flesta har en preferanse som f\u00f8les viktigere enn andre, men det er sjeldent en preferanse som er avgj\u00f8rende for et helhetsbilde. Avhengig av hvilken kombinasjon av preferanser du har, kan din prim\u00e6re preferanse variere. Her er noen eksempler p\u00e5 kombinasjoner vi ser blant v\u00e5re kandidater som du kanskje kan kjenne deg igjen i. Vi anbefaler at du tar deg tid til \u00e5 tenke gjennom din personlige kombinasjon. Ranger ogs\u00e5 preferansene dine i topp 3 for \u00e5 \u00f8ke din selvbevissthet i yrkeslivet, slik at du vet hvor du kan tenke deg \u00e5 kompensere.<\/p>\n\n\n\n<ul class=\"wp-block-list\">\n<li><strong>Prosjekt + <a href=\"https:\/\/career.worko.com\/no\/preferanseveilederen\/personlig-utvikling\/\">Personlig utvikling<\/a> + <a href=\"https:\/\/career.worko.com\/no\/preferanseveilederen\/lonn-og-fordeler\/\">L\u00f8nn og fordeler<\/a> :<br><\/strong>Du liker \u00e5 jobbe med spennende oppgaver fordi det gir deg en interessant og variert hverdag. Du \u00f8nsker \u00e5 bli bedre p\u00e5 det du gj\u00f8r, og interessante prosjekter gj\u00f8r det enkelt for deg \u00e5 holde deg oppdatert og engasjert. I takt med at du blir bedre, \u00f8nsker du ogs\u00e5 \u00e5 en h\u00f8yere l\u00f8nn og flere fordeler. Ditt dr\u00f8mmescenario er \u00e5 bli betalt for \u00e5 ha det g\u00f8y!<\/li>\n\n\n\n<li><strong>Prosjekt + <a href=\"https:\/\/career.worko.com\/no\/preferanseveilederen\/sterkt-fagmiljo\/\">Sterkt fagmilj\u00f8<\/a> + <a href=\"https:\/\/career.worko.com\/no\/preferanseveilederen\/selskaper-i-vekst\/\">Selskaper i vekst<\/a> :<br><\/strong>Du trives med interessante arbeidsoppgaver som du f\u00e5r utvikle sammen med dine kolleger. Du lever etter mottoet &laquo;teamwork makes the dream work&raquo;, og f\u00f8ler deg best n\u00e5r du er blant profesjonelle. \u00c5 f\u00e5 f\u00f8le at innsatsen din driver selskapet fremover er en stor bonus, siden du f\u00f8ler deg verdifull og som en del av noe st\u00f8rre enn deg selv.<\/li>\n\n\n\n<li><strong>Prosjekt + <a href=\"https:\/\/career.worko.com\/no\/preferanseveilederen\/samfunnsnytte-og-baerekraftighet\/\">Samfunnsnytte &amp; b\u00e6rekraft<\/a> + <a href=\"https:\/\/career.worko.com\/no\/preferanseveilederen\/kultur-og-formal\/\">Kultur &amp; form\u00e5l<\/a> :<br><\/strong>Ved \u00e5 jobbe med interssante prosjekt som fremmer b\u00e6rekraft, samt gj\u00f8r noe godt for verden, bidrar du til noe positivt for selskapet internt og eksternt. Du liker tanken p\u00e5 \u00e5 gj\u00f8re noe bra og trenger videre en god bedriftskultur som deler den samme visjonen. Sammen med dine kolleger kan du utf\u00f8re virkelig gode prosjekter.<\/li>\n<\/ul>\n\n\n\n<h2 class=\"wp-block-heading\">Vanlige personlighetstrekk<\/h2>\n\n\n\n<p>Hver enkelt person er unik, det er en selvf\u00f8lge. Men vi kan se visse likheter blant mange av v\u00e5re kandidater, og basert p\u00e5 det kan vi danne oss et generelt bilde av hvilken type person som ofte velger Prosjekt som sin viktigste preferanse. Her f\u00f8lger noen generelle egenskaper som vi ofte knytter til denne preferansen. Husk at det ikke n\u00f8dvendigvis gjelder for deg.<\/p>\n\n\n\n<h3 class=\"wp-block-heading\">Privat<\/h3>\n\n\n\n<p>Du liker \u00e5 f\u00e5 ting gjort. Kanskje er du en person som elsker f\u00f8lelsen av \u00e5 krysse av oppgaver p\u00e5 din gj\u00f8rem\u00e5lsliste, enten det er store eller sm\u00e5 ting. I vennegruppen er du ofte den som tar initiativ og inviterer tid. Du f\u00e5r ofte tittelen som prosjektleder n\u00e5r det gjelder handling, reiser eller andre hverdagsprosjekter. Du er organisert, strukturert og har et naturlig talent for lederskap. Du er flink til \u00e5 prioritere og delegere, og ser ofte p\u00e5 deg selv som edderkoppen i nettet. Kommunikasjon og planlegging er dine styrker, selv om det kanskje ikke er din lidenskap.<\/p>\n\n\n\n<p>P\u00e5 fritiden har du ofte noe p\u00e5 gang. Kanskje er du en handyman med ulike typer renoveringsprosjekter, eller trener du for \u00e5 klare \u00e5 l\u00f8pe en viss distanse innenfor en bestemt tid? Du liker \u00e5 se p\u00e5 TV-serier n\u00e5r du hviler &#8211; for det er faktisk et prosjekt \u00e5 se gjennom alle sesongene av Friends for femte gang. Du f\u00f8ler deg verdifull n\u00e5r du er produktiv og har fullf\u00f8rt et gj\u00f8rem\u00e5l. Dette nesten uavhengig av hva du gj\u00f8r, eller hvilken oppgave det er.&nbsp;<\/p>\n\n\n\n<h3 class=\"wp-block-heading\">P\u00e5 jobben<\/h3>\n\n\n\n<p>Du er karriereorientert og liker \u00e5 f\u00e5 ting til \u00e5 skje. Du er like flink til \u00e5 ta initiativ og lede prosjektet ditt som du er til \u00e5 f\u00f8lge ordrer og f\u00e5 jobben gjort. Dine personlige gevinster ligger i \u00e5 lykkes med det du gj\u00f8r, enten det er \u00e5 m\u00f8te stramme tidsfrister eller \u00e5 se outcomet av gode resultat. Du er flink til \u00e5 m\u00e5le og dokumentere dine ulike suksesshistorier, slik at du kan g\u00e5 tilbake og sammenligne prestasjonene dine med dagens resultater. Dette gj\u00f8r deg til en fantastisk lagspiller og en p\u00e5litelig kollega.<\/p>\n\n\n\n<h2 class=\"wp-block-heading\">Bra gjort! Men tenk ogs\u00e5 p\u00e5&#8230;<\/h2>\n\n\n\n<p>Personer som liker prosjekter er ofte sv\u00e6rt motiverte og har evnen til \u00e5 finne veier rundt alle hindringer som de m\u00f8ter p\u00e5 sin vei. De fullf\u00f8rer alltid jobben p\u00e5 en eller annen m\u00e5te. Du som liker \u00e5 planlegge og ordne ting er ofte en flink probleml\u00f8ser som drar nytte av kreative metoder. P\u00e5 den andre siden kan du ha vanskeligheter med monotone og repetitive oppgaver. S\u00f8rg derfor for \u00e5 ikke miste motet n\u00e5r det kommer til de &laquo;kjedelige&raquo; delene av arbeidslivet. Automatiser, deleger og minimer der det er mulig slik at du kan bruke dine beste evner p\u00e5 det du synes er g\u00f8y.<\/p>\n\n\n\n<h2 class=\"wp-block-heading\">Worko hjelper deg med \u00e5 ta neste steg i karrieren<\/h2>\n\n\n\n<p>Vi i Worko har jobbet med rekruttering innen IT og bygg i over 10 \u00e5r, og gjennom v\u00e5r database lykkes vi med \u00e5 matche kandidater med kunder som passer deres behov. \u00d8nsker du ogs\u00e5 hjelp med karrieren din? <a href=\"https:\/\/career.worko.com\/no\/mine-opplysninger\/\" target=\"_blank\" rel=\"noreferrer noopener\">Meld deg p\u00e5<\/a> hos oss i dag!<\/p>\n","protected":false},"excerpt":{"rendered":"<p>Denne preferansen handler om \u00f8nsket om \u00e5 jobbe med spennende prosjekter og kunne velge hvilke prosjekter du innvolveres i. Det inkluderer b\u00e5de \u00e5 gj\u00f8re noe du synes er morsomt eller&hellip;<a href=\"https:\/\/career.worko.com\/no\/preferanseveilederen\/prosjekter\/\">Read more<\/a><\/p>\n","protected":false},"author":2,"featured_media":808,"parent":1035,"menu_order":1,"comment_status":"closed","ping_status":"closed","template":"","meta":{"_acf_changed":false,"footnotes":""},"wf_page_folders":[],"class_list":["post-1086","page","type-page","status-publish","has-post-thumbnail","hentry"],"acf":[],"aioseo_notices":[],"_links":{"self":[{"href":"https:\/\/career.worko.com\/no\/wp-json\/wp\/v2\/pages\/1086","targetHints":{"allow":["GET"]}}],"collection":[{"href":"https:\/\/career.worko.com\/no\/wp-json\/wp\/v2\/pages"}],"about":[{"href":"https:\/\/career.worko.com\/no\/wp-json\/wp\/v2\/types\/page"}],"author":[{"embeddable":true,"href":"https:\/\/career.worko.com\/no\/wp-json\/wp\/v2\/users\/2"}],"replies":[{"embeddable":true,"href":"https:\/\/career.worko.com\/no\/wp-json\/wp\/v2\/comments?post=1086"}],"version-history":[{"count":8,"href":"https:\/\/career.worko.com\/no\/wp-json\/wp\/v2\/pages\/1086\/revisions"}],"predecessor-version":[{"id":1413,"href":"https:\/\/career.worko.com\/no\/wp-json\/wp\/v2\/pages\/1086\/revisions\/1413"}],"up":[{"embeddable":true,"href":"https:\/\/career.worko.com\/no\/wp-json\/wp\/v2\/pages\/1035"}],"wp:featuredmedia":[{"embeddable":true,"href":"https:\/\/career.worko.com\/no\/wp-json\/wp\/v2\/media\/808"}],"wp:attachment":[{"href":"https:\/\/career.worko.com\/no\/wp-json\/wp\/v2\/media?parent=1086"}],"wp:term":[{"taxonomy":"wf_page_folders","embeddable":true,"href":"https:\/\/career.worko.com\/no\/wp-json\/wp\/v2\/wf_page_folders?post=1086"}],"curies":[{"name":"wp","href":"https:\/\/api.w.org\/{rel}","templated":true}]}}