{"id":1078,"date":"2023-03-13T15:33:11","date_gmt":"2023-03-13T15:33:11","guid":{"rendered":"https:\/\/career.worko.com\/preferanseveilederen\/vekstselskaper\/"},"modified":"2023-06-20T12:12:25","modified_gmt":"2023-06-20T12:12:25","slug":"selskaper-i-vekst","status":"publish","type":"page","link":"https:\/\/career.worko.com\/no\/preferanseveilederen\/selskaper-i-vekst\/","title":{"rendered":"Selskaper i vekst"},"content":{"rendered":"\n<p><strong>\u00c5 jobbe i et selskap i vekstfasen er en spennende opplevelse som kan inneb\u00e6re uante muligheter for mange. Denne preferansen fremmer entrepren\u00f8rskap og handler om \u00e5 bidra til vekst og \u00f8kt omsetning.<\/strong>&nbsp;<\/p>\n\n\n\n<h2 class=\"wp-block-heading\">Kombinerte preferanser<\/h2>\n\n\n\n<p>De fleste har en preferanse som veier tyngre enn \u00f8vrige. Preferanser p\u00e5virkes av underliggende behov som er viktige for deg, og til sammen med ulike faktorer danner en personlige kombinasjon for nettopp deg. Her er noen eksempler p\u00e5 sammensatte preferanser som sammen skaper et helhetlig uttrykk. Kanskje kan du kjenne deg igjen i noen av dem, men du kan absolutt ha samme kombinasjon uten \u00e5 f\u00f8le deg truffet.<\/p>\n\n\n\n<ul class=\"wp-block-list\">\n<li><strong>Selskaper i vekst + <a href=\"https:\/\/career.worko.com\/no\/preferanseveilederen\/prosjekter\/\">Prosjekt<\/a> + <a href=\"https:\/\/career.worko.com\/no\/preferanseveilederen\/jobbsikkerhet\/\">Jobbsikkerhet<\/a> :<br><\/strong> Du liker f\u00f8lelsen av \u00e5 v\u00e6re med p\u00e5 bedriftens reise fra punkt A til punkt B. Du synes det oppn\u00e5s best gjennom spennende prosjekter som \u00f8ker omsetningen. I tillegg trenger du trygghet i \u00e5 f\u00e5 betalt og beholde jobben selv om bedriften ikke vokser s\u00e5 mye som planlagt.<\/li>\n\n\n\n<li><strong>Selskaper i vekst + <a href=\"https:\/\/career.worko.com\/no\/preferanseveilederen\/distansjobb\/\">Distansejobb<\/a> + <a href=\"https:\/\/career.worko.com\/no\/preferanseveilederen\/lonn-og-fordeler\/\">L\u00f8nn og fordeler<\/a> :<br><\/strong> Du drives av spenningen ved \u00e5 bygge selskap, men du vil gj\u00f8re det fra der du selv velger. Det er viktig for deg \u00e5 f\u00f8le frihet sammen med engasjementet ditt, og en h\u00f8y l\u00f8nn bidrar ogs\u00e5 til den f\u00f8lelsen. Du motiveres av balansen mellom stort engasjement og like stor frihet.<\/li>\n\n\n\n<li><strong>Selskaper i vekst + <a href=\"https:\/\/career.worko.com\/no\/preferanseveilederen\/personlig-utvikling\/\">Personlig utvikling<\/a> + <a href=\"https:\/\/career.worko.com\/no\/preferanseveilederen\/kunder\/\">Kunder<\/a> :<br><\/strong>\u00c5 v\u00e6re med p\u00e5 en vekstreise i en bedrift f\u00f8les spennende, da du selv ogs\u00e5 vil utvikle deg i prosessen. N\u00e5r du i tillegg f\u00e5r jobbe med attraktive kunder som samarbeidspartnere, bygger du et godt rykte for deg selv og bedriften slik at du ogs\u00e5 kan f\u00e5 ta del i selskapets suksess. Personlig utviklig og kunder er en perfekt kombinasjon for deg!<\/li>\n<\/ul>\n\n\n\n<h2 class=\"wp-block-heading\">Vanlige personlighetstrekk<\/h2>\n\n\n\n<p>Hver person er unik, s\u00e5 vi kan selvf\u00f8lgelig ikke plassere et individ i en boks basert p\u00e5 deres prim\u00e6re preferanser \u2013 vi er som sagt mennesker og ikke maskiner! Imidlertid kan vi se visse likheter blant mennesker som velger selskaper i vekst som sin hoved preferanse, s\u00e5 her er noen generaliserte personlighetstrekk som kanskje kan hjelpe deg med \u00e5 avgj\u00f8re om dette er viktigst for deg. Husk at du ikke trenger \u00e5 kjenne deg igjen i disse p\u00e5standene selv om dette er din nummer \u00e9n.<\/p>\n\n\n\n<h3 class=\"wp-block-heading\">Privat<\/h3>\n\n\n\n<p>Som person er du aktiv og interessert i flere ulike ting. Kanskje har du et \u00f8ye for detaljer, og legger ofte merke til ting som andre g\u00e5r glipp av. Du liker fart og spenning, og har kanskje litt vanskeligheter for \u00e5 slappe av. Ofte gjelder uttrykket &laquo;work hard, play hard&raquo; for deg, fordi du liker liv og r\u00f8re i de fleste sammenhenger. I vennegruppen tar du ofte initiativet, men er kanskje ikke den som fullf\u00f8rer planene til slutt. Du liker aktiviteter og spennende opplevelser, s\u00e5 kanskje idrett eller skrekkfilmer ligger ekstra n\u00e6r hjertet.<\/p>\n\n\n\n<h3 class=\"wp-block-heading\">P\u00e5 jobben<\/h3>\n\n\n\n<p>Du liker n\u00e5r ting skjer, og \u00f8nsker \u00e5 v\u00e6re med p\u00e5 \u00e5 drive prosjekter b\u00e5de eksternt og internt. Du er initiativrik og id\u00e9rik, med en evne til \u00e5 forhandle og overtale, og du kommer ofte med gode forslag som kan hjelpe bedriften framover. Du fungerer godt b\u00e5de selvstendig og i team, da du liker \u00e5 utveksle ideer i begge scenarioene. Evnen din til \u00e5 f\u00e5 ting til \u00e5 skje gj\u00f8r deg til en attraktiv kollega.<\/p>\n\n\n\n<h3 class=\"wp-block-heading\">Skyggesiden<\/h3>\n\n\n\n<p>Blant dine mange gode kvaliteter finnes det ogs\u00e5 ting du kan jobbe med. Du liker en utfordring og \u00e5 lykkes med det umulige, men noen ganger har du vanskelig for \u00e5 akseptere n\u00e5r det er p\u00e5 tide \u00e5 gi slipp. Din utholdenhet er beundringsverdig, men pass p\u00e5 \u00e5 ikke kj\u00f8re vanskelige prosjekter helt til det ytterste i ren stahet n\u00e5r det kanskje hadde v\u00e6rt bedre \u00e5 endre planen i stedet.<\/p>\n\n\n\n<h2 class=\"wp-block-heading\">Worko er her for deg<\/h2>\n\n\n\n<p>Vi p\u00e5 Worko har jobbet med rekruttering innen bygg- og IT-bransjen i over 10 \u00e5r. Gjennom v\u00e5re samlede data s\u00f8ker vi etter den beste matchen mellom kunde og kandidat. \u00d8nsker du ogs\u00e5 hjelp fra oss? <a href=\"https:\/\/career.worko.com\/no\/mine-opplysninger\/\" target=\"_blank\" rel=\"noreferrer noopener\">Legg igjen dine kontaktinformasjon her<\/a>!&nbsp;<\/p>\n\n\n\n<p><\/p>\n","protected":false},"excerpt":{"rendered":"<p>\u00c5 jobbe i et selskap i vekstfasen er en spennende opplevelse som kan inneb\u00e6re uante muligheter for mange. Denne preferansen fremmer entrepren\u00f8rskap og handler om \u00e5 bidra til vekst og&hellip;<a href=\"https:\/\/career.worko.com\/no\/preferanseveilederen\/selskaper-i-vekst\/\">Read more<\/a><\/p>\n","protected":false},"author":2,"featured_media":818,"parent":1035,"menu_order":0,"comment_status":"closed","ping_status":"closed","template":"","meta":{"_acf_changed":false,"footnotes":""},"wf_page_folders":[],"class_list":["post-1078","page","type-page","status-publish","has-post-thumbnail","hentry"],"acf":[],"aioseo_notices":[],"_links":{"self":[{"href":"https:\/\/career.worko.com\/no\/wp-json\/wp\/v2\/pages\/1078","targetHints":{"allow":["GET"]}}],"collection":[{"href":"https:\/\/career.worko.com\/no\/wp-json\/wp\/v2\/pages"}],"about":[{"href":"https:\/\/career.worko.com\/no\/wp-json\/wp\/v2\/types\/page"}],"author":[{"embeddable":true,"href":"https:\/\/career.worko.com\/no\/wp-json\/wp\/v2\/users\/2"}],"replies":[{"embeddable":true,"href":"https:\/\/career.worko.com\/no\/wp-json\/wp\/v2\/comments?post=1078"}],"version-history":[{"count":10,"href":"https:\/\/career.worko.com\/no\/wp-json\/wp\/v2\/pages\/1078\/revisions"}],"predecessor-version":[{"id":1422,"href":"https:\/\/career.worko.com\/no\/wp-json\/wp\/v2\/pages\/1078\/revisions\/1422"}],"up":[{"embeddable":true,"href":"https:\/\/career.worko.com\/no\/wp-json\/wp\/v2\/pages\/1035"}],"wp:featuredmedia":[{"embeddable":true,"href":"https:\/\/career.worko.com\/no\/wp-json\/wp\/v2\/media\/818"}],"wp:attachment":[{"href":"https:\/\/career.worko.com\/no\/wp-json\/wp\/v2\/media?parent=1078"}],"wp:term":[{"taxonomy":"wf_page_folders","embeddable":true,"href":"https:\/\/career.worko.com\/no\/wp-json\/wp\/v2\/wf_page_folders?post=1078"}],"curies":[{"name":"wp","href":"https:\/\/api.w.org\/{rel}","templated":true}]}}