{"id":1070,"date":"2023-03-13T14:43:13","date_gmt":"2023-03-13T14:43:13","guid":{"rendered":"https:\/\/career.worko.com\/preferanseveilederen\/samfunnsnytte-og-baerekraftighet\/"},"modified":"2023-06-20T12:17:39","modified_gmt":"2023-06-20T12:17:39","slug":"samfunnsnytte-og-baerekraftighet","status":"publish","type":"page","link":"https:\/\/career.worko.com\/no\/preferanseveilederen\/samfunnsnytte-og-baerekraftighet\/","title":{"rendered":"Samfunnsnytte og b\u00e6rekraftighet"},"content":{"rendered":"\n<p><strong>Denne preferansen handler om \u00e5 \u00f8nske \u00e5 bidra til en bedre verden. Den tar sikte p\u00e5 b\u00e5de sosial veldedighet for mennesker og en mer b\u00e6rekraftig tankegang for planeten, samt \u00f8nske og s\u00f8ken om \u00e5 gi noe tilbake til omgivelsene rundt deg og dine. Du som prioriterer denne preferansen blir ansett til \u00e5 ha h\u00f8y moral, og blir mer motivert av myke verdier enn \u00f8konomiske.<\/strong>&nbsp;<\/p>\n\n\n\n<h2 class=\"wp-block-heading\">Kombinerte preferanser<\/h2>\n\n\n\n<p>Hver enkelt preferanse uttrykkes p\u00e5 forskjellige m\u00e5ter for ulike mennesker. De fleste har en prim\u00e6rpreferanse som veier tyngre enn de andre, men preferansene som kommer p\u00e5 andre og tredje plass spiller ogs\u00e5 en stor rolle for valg av arbeidsplass. Her er noen eksempler p\u00e5 kombinasjoner som kan hjelpe deg med \u00e5 kartlegge din topp 3 liste. Ta deg gjerne litt tid til \u00e5 tenke gjennom og rangere nettopp dine personlige preferanser.<\/p>\n\n\n\n<ul class=\"wp-block-list\">\n<li><strong>Samfunnsnytte og b\u00e6rekraft + <a href=\"https:\/\/career.worko.com\/no\/preferanseveilederen\/kultur-og-formal\/\">Kultur og form\u00e5l<\/a> + <a href=\"https:\/\/career.worko.com\/no\/preferanseveilederen\/sterkt-fagmiljo\/\">Sterkt fagmilj\u00f8 <\/a>:<br><\/strong>Din motivasjon kommer fra \u00e5 hjelpe andre og f\u00f8le at du gj\u00f8r noe godt for verden rundt deg. Du har behov for et tydelig m\u00e5lbilde \u00e5 jobbe mot. P\u00e5 jobben \u00f8nsker du \u00e5 v\u00e6re i et innovativt milj\u00f8 der alle er dyktige p\u00e5 det de gj\u00f8r, som videre skaper en hyggelig atmosf\u00e6re \u00e5 v\u00e6re i for nettopp deg.<\/li>\n\n\n\n<li><strong>Samfunnsnytte og b\u00e6rekraft + <a href=\"https:\/\/career.worko.com\/no\/preferanseveilederen\/selskaper-i-vekst\/\">Selskaper i vekst<\/a> + <a href=\"https:\/\/career.worko.com\/no\/preferanseveilederen\/distansjobb\/\">Distansejobb<\/a> :<br><\/strong>For deg er det viktig \u00e5 bidra til en bedre verden, b\u00e5de i stor og liten skala. Ved \u00e5 jobbe i et voksende selskap f\u00e5r du f\u00f8lelsen av \u00e5 v\u00e6re med p\u00e5 noe som er st\u00f8rre enn deg selv, samtidig som det skjer n\u00e6rt deg. Du \u00f8nsker \u00e5 jobbe milj\u00f8vennlig, samt gj\u00f8re godt for verden generelt. Du vil ogs\u00e5 ha muligheten\/fleksibiliteten til \u00e5 jobbe hjemmefra n\u00e5r du har behov for det.\u00a0<\/li>\n\n\n\n<li><strong>Samfunnsnytte og b\u00e6rekraft + <a href=\"https:\/\/career.worko.com\/no\/preferanseveilederen\/kunder\/\">Kunder<\/a> + <a href=\"https:\/\/career.worko.com\/no\/preferanseveilederen\/jobbsikkerhet\/\">Jobbsikkerhet<\/a> :<br><\/strong>Du \u00f8nsker \u00e5 bidra til en b\u00e6rekraftig fremtid, i tillegg til \u00e5 samarbeide med interessante kunder som har samme m\u00e5l og ambisjon som deg selv. For \u00e5 f\u00f8le deg godt til rette \u00f8nsker du ogs\u00e5 trygghet i din stillingen. Derfor verdsetter du st\u00f8tte fra ledelsen slik at ansettelsen din f\u00f8les stabil. Dette gir deg en solid base som videre hjelper deg med \u00e5 yte ditt beste n\u00e5r du befinner deg p\u00e5 arbeidsplassen.<\/li>\n<\/ul>\n\n\n\n<h2 class=\"wp-block-heading\">Vanlige personlighetstrekk<\/h2>\n\n\n\n<p>Hvert individ er unikt. Alle mennesker har sin egen samling av personlighetstrekk og s\u00e6regenheter. Med det sagt ser vi ofte visse likheter blant personer som har samme hovedpreferanse. Basert p\u00e5 dette kan vi gi en grov oversikt over de vanligste personlighetstrekkene hos disse menneskene. Nedenfor f\u00f8lger en generalisert liste over vanlige personlighetstrekk som kan hjelpe deg med \u00e5 avgj\u00f8re om dette er din prim\u00e6re preferanse, men husk at du kan ha samfunnsnytte og b\u00e6rekraft som nummer \u00e9n uten \u00e5 kjenne deg igjen i alle punktene.&nbsp;<\/p>\n\n\n\n<h3 class=\"wp-block-heading\">Privat<\/h3>\n\n\n\n<p>Blant venner og familie er du ofte en megler som s\u00f8rger for at alle er forn\u00f8yde med fellesaktiviteter, middagsplaner og lignende. Du er selvg\u00e5ende og er villig til \u00e5 ofre deg selv for andres skyld. Du har et sterkt moralsk kompass og streber etter rettferdighet. Kanskje er du ogs\u00e5 minimalist eller veganer, samt tror p\u00e5 \u00e5 redusere ditt fotavtrykk p\u00e5 planeten ved \u00e5 forbruke mindre og velge bruktprodukter fremfor nyproduserte varer. Du har ofte en positiv holdning, men n\u00f8ler ikke med \u00e5 st\u00e5 opp for rettferdighet n\u00e5r du er uenig.&nbsp;<\/p>\n\n\n\n<h3 class=\"wp-block-heading\">P\u00e5 jobben<\/h3>\n\n\n\n<p>Du hjelper andre n\u00e5r de har behov for det, og bruker gjerne ekstra tid p\u00e5 \u00e5 vurdere graden av b\u00e6rekraft i dine prosjekt. Du tenker alltid p\u00e5 hvordan du kan gj\u00f8re noe bedre for samfunnet, kundene dine eller kollegene dine, og blir motivert av \u00e5 gj\u00f8re noe som er nyttig for menneskene rundt deg. Du har en helhetlig tiln\u00e6rming som gj\u00f8r at du ofte er et skritt foran og sjeldent g\u00e5r glipp av frister eller sm\u00e5 detaljer. Kanskje har du blitt kalt &laquo;hawkeye&raquo; for ditt skarpe blikk og kritiske \u00f8ye, men sannheten er at det du gj\u00f8r ofte blir riktig nettopp fordi du er s\u00e5 n\u00f8yaktig.<\/p>\n\n\n\n<h3 class=\"wp-block-heading\">Skyggesiden<\/h3>\n\n\n\n<p>Du har en sterk f\u00f8lelse av rett og galt, har kontroll p\u00e5 det meste og streber etter \u00e5 gj\u00f8re det rette, men det er omr\u00e5der du fortsatt kan jobbe med. Du har en sterk f\u00f8lelse av rettferdighet og etikk, men slutter av og til \u00e5 lytte hvis du ikke er enig. Pass deg for \u00e5 bli for opph\u00f8yd eller sitte p\u00e5 en moralsk pidestall. Fors\u00f8k \u00e5 se andres perspektiver selv om du er helt sikker p\u00e5 at du har rett, og de tar feil.<\/p>\n\n\n\n<h2 class=\"wp-block-heading\">Worko er din rekrutteringsekspert<\/h2>\n\n\n\n<p>Vi i Worko har over 10 \u00e5rs erfaring med rekruttering innen IT\/Tech og bygg. Vi samler data for \u00e5 kunne matche deg som kandidat med det beste selskapet for deg og dine preferanser. \u00d8nsker du ogs\u00e5 hjelp? <a href=\"https:\/\/career.worko.com\/no\/mine-opplysninger\/\" target=\"_blank\" rel=\"noreferrer noopener\">Legg igjen dine kontaktinformasjon<\/a> i dag s\u00e5 setter vi i gang!<\/p>\n","protected":false},"excerpt":{"rendered":"<p>Denne preferansen handler om \u00e5 \u00f8nske \u00e5 bidra til en bedre verden. Den tar sikte p\u00e5 b\u00e5de sosial veldedighet for mennesker og en mer b\u00e6rekraftig tankegang for planeten, samt \u00f8nske&hellip;<a href=\"https:\/\/career.worko.com\/no\/preferanseveilederen\/samfunnsnytte-og-baerekraftighet\/\">Read more<\/a><\/p>\n","protected":false},"author":2,"featured_media":816,"parent":1035,"menu_order":0,"comment_status":"closed","ping_status":"closed","template":"","meta":{"_acf_changed":false,"footnotes":""},"wf_page_folders":[],"class_list":["post-1070","page","type-page","status-publish","has-post-thumbnail","hentry"],"acf":[],"aioseo_notices":[],"_links":{"self":[{"href":"https:\/\/career.worko.com\/no\/wp-json\/wp\/v2\/pages\/1070","targetHints":{"allow":["GET"]}}],"collection":[{"href":"https:\/\/career.worko.com\/no\/wp-json\/wp\/v2\/pages"}],"about":[{"href":"https:\/\/career.worko.com\/no\/wp-json\/wp\/v2\/types\/page"}],"author":[{"embeddable":true,"href":"https:\/\/career.worko.com\/no\/wp-json\/wp\/v2\/users\/2"}],"replies":[{"embeddable":true,"href":"https:\/\/career.worko.com\/no\/wp-json\/wp\/v2\/comments?post=1070"}],"version-history":[{"count":7,"href":"https:\/\/career.worko.com\/no\/wp-json\/wp\/v2\/pages\/1070\/revisions"}],"predecessor-version":[{"id":1427,"href":"https:\/\/career.worko.com\/no\/wp-json\/wp\/v2\/pages\/1070\/revisions\/1427"}],"up":[{"embeddable":true,"href":"https:\/\/career.worko.com\/no\/wp-json\/wp\/v2\/pages\/1035"}],"wp:featuredmedia":[{"embeddable":true,"href":"https:\/\/career.worko.com\/no\/wp-json\/wp\/v2\/media\/816"}],"wp:attachment":[{"href":"https:\/\/career.worko.com\/no\/wp-json\/wp\/v2\/media?parent=1070"}],"wp:term":[{"taxonomy":"wf_page_folders","embeddable":true,"href":"https:\/\/career.worko.com\/no\/wp-json\/wp\/v2\/wf_page_folders?post=1070"}],"curies":[{"name":"wp","href":"https:\/\/api.w.org\/{rel}","templated":true}]}}