{"id":1058,"date":"2023-03-13T12:50:18","date_gmt":"2023-03-13T12:50:18","guid":{"rendered":"https:\/\/career.worko.com\/preferanseveilederen\/kunder\/"},"modified":"2023-06-20T12:09:17","modified_gmt":"2023-06-20T12:09:17","slug":"kunder","status":"publish","type":"page","link":"https:\/\/career.worko.com\/no\/preferanseveilederen\/kunder\/","title":{"rendered":"Kunder"},"content":{"rendered":"\n<p><strong>Denne preferansen handler om \u00f8nske om \u00e5 jobbe med spennende bestillere eller kunder. \u00c5 jobbe med andre selskaper som har en kul forretningsid\u00e9 eller lignende reflekterer ofte positivt p\u00e5 deg og bedriften din, og kan hjelpe deg med \u00e5 bygge merkevaren din. Hvis kunden er forn\u00f8yd med arbeidet ditt, kan de anbefale deg videre, og slik fortsetter det oppover. Du som har Kunder som din fremste preferanse \u00f8nsker ofte \u00e5 jobbe med interessante bestillere som kan gi deg ekstra anerkjennelse og erfaringer som kan hjelpe deg i karrierestigen, eller som rett og slett er hyggelige \u00e5 ha med \u00e5 gj\u00f8re og lyser opp hverdagen.<\/strong>&nbsp;<\/p>\n\n\n\n<h2 class=\"wp-block-heading\">Kombinerte preferanser<\/h2>\n\n\n\n<p>N\u00e5r det kommer til personlige preferanser har de fleste en som er viktigere enn de andre, men hvordan det kommer til uttrykk p\u00e5virkes av de underliggende preferansene. Ranger dine tre viktigste preferanser for \u00e5 \u00f8ke selvbevisstheten og for \u00e5 finne ut hvilke faktorer som f\u00e5r deg til \u00e5 trives p\u00e5 jobben. P\u00e5 denne m\u00e5ten vet du ogs\u00e5 hvor du er villig til \u00e5 inng\u00e5 kompromis. Her er noen eksempler p\u00e5 kombinasjoner av preferanser som du kanskje kan kjenne deg igjen i, men selv om du har de samme tre topppreferansene, trenger du ikke \u00e5 f\u00f8le deg truffet av disse p\u00e5standene.<\/p>\n\n\n\n<ul class=\"wp-block-list\">\n<li><strong>Kunder + <a href=\"https:\/\/career.worko.com\/no\/preferanseveilederen\/personlig-utvikling\/\">Personlig utvikling<\/a> + <a href=\"https:\/\/career.worko.com\/no\/preferanseveilederen\/jobbsikkerhet\/\">Jobbsikkerhet<\/a> :<br><\/strong>Du liker \u00e5 jobbe med spennende kunder som utfordrer deg og gir deg nye erfaringer som f\u00f8rer til \u00f8kt kompetanse. Du \u00f8nsker ogs\u00e5 \u00e5 f\u00f8le en trygghet i selskapet hvor du f\u00e5r st\u00f8tte n\u00e5r du trenger det, slik at du kan bygge sterke relasjoner og bli bedre p\u00e5 det du gj\u00f8r.<\/li>\n\n\n\n<li><strong>Kunder + <a href=\"https:\/\/career.worko.com\/no\/preferanseveilederen\/sterkt-fagmiljo\/\">Sterkt fagmilj\u00f8<\/a> + <a href=\"https:\/\/career.worko.com\/no\/preferanseveilederen\/kultur-og-formal\/\">Kultur &amp; form\u00e5l<\/a> :<br><\/strong>Det som avgj\u00f8r om du trives p\u00e5 jobben er menneskene. Du \u00f8nsker \u00e5 jobbe med kompetente kolleger og ha tett kontakt med kundene, da det bidrar til god stemning og gode resultater. Din motivasjon ligger i \u00e5 kunne gj\u00f8re gode ting sammen med gode mennesker, b\u00e5de internt og eksternt.<\/li>\n\n\n\n<li><strong>Kunder + <a href=\"https:\/\/career.worko.com\/no\/preferanseveilederen\/lonn-og-fordeler\/\">L\u00f8nn &amp; fordeler<\/a> + <a href=\"https:\/\/career.worko.com\/no\/preferanseveilederen\/selskaper-i-vekst\/\">Selskaper i vekst<\/a>:<\/strong><br>Du motiveres av \u00e5 samarbeide med interessante kunder som gir noe ekstra i hverdagen, og du liker \u00e5 tjene penger p\u00e5 \u00e5 skape gode relasjoner. M\u00e5let ditt er \u00e5 se selskapet vokse i takt med dine bidrag og din l\u00f8nn, da det f\u00e5r deg til \u00e5 f\u00f8le deg verdifull, kompetent og godt bel\u00f8nnet.<\/li>\n<\/ul>\n\n\n\n<h2 class=\"wp-block-heading\">Vanlige personlighetstrekk<\/h2>\n\n\n\n<p>Av den \u00e5rsak at hver person er unik, kan vi selvf\u00f8lgelig ikke med sikkerhet si &laquo;slik er du&raquo; kun basert p\u00e5 dine preferanser. Men vi kan se visse likheter mellom personer som velger samme hovedpreferanse. Her f\u00f8lger noen generaliserte p\u00e5stander vi ofte har sett i forbindelse med Kunder. Husk at dette ikke n\u00f8dvendigvis trenger \u00e5 passe p\u00e5 deg, tanken er mer \u00e5 gi eksempler p\u00e5 karaktertrekk som passer sammen med preferansen for \u00e5 hjelpe deg med \u00e5 avgj\u00f8re om denne preferansen er viktigst for deg.&nbsp;<\/p>\n\n\n\n<h3 class=\"wp-block-heading\">Privat<\/h3>\n\n\n\n<p>Personer som verdsetter kunder er ofte sosiale og utadvendte, noe som ogs\u00e5 gjenspeiles i deres privatliv. De liker \u00e5 v\u00e6re sammen med venner og m\u00f8te nye mennesker, og finner glede i \u00e5 knytte nye kontakter der de kan. Kanskje elsker du \u00e5 g\u00e5 p\u00e5 fester og arrangementer der du kan m\u00f8te venners venner, eller andre aktiviteter som skjer blant andre mennesker. Du er ikke n\u00f8dvendigvis ekstrovert, men du liker \u00e5 v\u00e6re der det skjer.&nbsp;&nbsp;<\/p>\n\n\n\n<h3 class=\"wp-block-heading\">P\u00e5 jobben<\/h3>\n\n\n\n<p>Du er serviceinnstilt og er villig til \u00e5 g\u00e5 den ekstra milen for \u00e5 gj\u00f8re kundene forn\u00f8yde. Du trives med \u00e5 holde kundem\u00f8ter og har sannsynligvis ingen problemer med \u00e5 snakke foran en gruppe mennesker og holde en presentasjon. Du deltar gjerne p\u00e5 afterwork eller lignende arrangementer utenfor arbeidstiden for \u00e5 fremme forbindelsen mellom selskapet og samarbeidspartnerne dine, eller for \u00e5 v\u00e6re sammen med kollegene dine.<\/p>\n\n\n\n<h3 class=\"wp-block-heading\">Skyggesiden<\/h3>\n\n\n\n<p>Du har mange fine sider, men som alltid er det noen ting du kan jobbe med. Du elsker mennesker og \u00e5 skape nye relasjoner, men v\u00e6r forsiktig med \u00e5 bli fanget i ideer slik at du glemmer menneskene bak dem. Du kan ogs\u00e5 v\u00e6re i faresonen for \u00e5 ha det s\u00e5 hyggelig i samtaler med kunder at du mister fokus p\u00e5 hvorfor dere ringer &#8211; ikke glem at du kontakter dem i jobbsammenheng, selv om det er hyggelig \u00e5 sl\u00e5 av en prat.<\/p>\n\n\n\n<h2 class=\"wp-block-heading\">Worko hjelper deg!<\/h2>\n\n\n\n<p>Vi i Worko er eksperter p\u00e5 rekruttering innen Samfunnsbygging og IT\/Tech. Ved \u00e5 samle inn data kan vi matche v\u00e5re kandidater med v\u00e5re kunder, slik at du finner det beste arbeidsstedet for deg. <a href=\"https:\/\/career.worko.com\/no\/mine-opplysninger\/\" target=\"_blank\" rel=\"noreferrer noopener\">Send inn dine opplysninger<\/a> i dag, og vi starter jakten p\u00e5 ditt neste karrieresteg.<\/p>\n","protected":false},"excerpt":{"rendered":"<p>Denne preferansen handler om \u00f8nske om \u00e5 jobbe med spennende bestillere eller kunder. \u00c5 jobbe med andre selskaper som har en kul forretningsid\u00e9 eller lignende reflekterer ofte positivt p\u00e5 deg&hellip;<a href=\"https:\/\/career.worko.com\/no\/preferanseveilederen\/kunder\/\">Read more<\/a><\/p>\n","protected":false},"author":2,"featured_media":813,"parent":1035,"menu_order":0,"comment_status":"closed","ping_status":"closed","template":"","meta":{"_acf_changed":false,"footnotes":""},"wf_page_folders":[],"class_list":["post-1058","page","type-page","status-publish","has-post-thumbnail","hentry"],"acf":[],"aioseo_notices":[],"_links":{"self":[{"href":"https:\/\/career.worko.com\/no\/wp-json\/wp\/v2\/pages\/1058","targetHints":{"allow":["GET"]}}],"collection":[{"href":"https:\/\/career.worko.com\/no\/wp-json\/wp\/v2\/pages"}],"about":[{"href":"https:\/\/career.worko.com\/no\/wp-json\/wp\/v2\/types\/page"}],"author":[{"embeddable":true,"href":"https:\/\/career.worko.com\/no\/wp-json\/wp\/v2\/users\/2"}],"replies":[{"embeddable":true,"href":"https:\/\/career.worko.com\/no\/wp-json\/wp\/v2\/comments?post=1058"}],"version-history":[{"count":8,"href":"https:\/\/career.worko.com\/no\/wp-json\/wp\/v2\/pages\/1058\/revisions"}],"predecessor-version":[{"id":1421,"href":"https:\/\/career.worko.com\/no\/wp-json\/wp\/v2\/pages\/1058\/revisions\/1421"}],"up":[{"embeddable":true,"href":"https:\/\/career.worko.com\/no\/wp-json\/wp\/v2\/pages\/1035"}],"wp:featuredmedia":[{"embeddable":true,"href":"https:\/\/career.worko.com\/no\/wp-json\/wp\/v2\/media\/813"}],"wp:attachment":[{"href":"https:\/\/career.worko.com\/no\/wp-json\/wp\/v2\/media?parent=1058"}],"wp:term":[{"taxonomy":"wf_page_folders","embeddable":true,"href":"https:\/\/career.worko.com\/no\/wp-json\/wp\/v2\/wf_page_folders?post=1058"}],"curies":[{"name":"wp","href":"https:\/\/api.w.org\/{rel}","templated":true}]}}