{"id":1043,"date":"2023-01-19T15:21:47","date_gmt":"2023-01-19T14:21:47","guid":{"rendered":"https:\/\/career.worko.com\/bli-proaktiv-i-din-karriereplanlegging\/"},"modified":"2023-06-19T08:41:47","modified_gmt":"2023-06-19T08:41:47","slug":"bli-proaktiv-i-din-karriereplanlegging","status":"publish","type":"page","link":"https:\/\/career.worko.com\/no\/bli-proaktiv-i-din-karriereplanlegging\/","title":{"rendered":"Bli proaktiv i din karriereplanlegging"},"content":{"rendered":"\n<h4 class=\"wp-block-heading\" id=\"telefon\">Kontakt oss s\u00e5 hjelper vi deg med \u00e5 ta neste steg!<\/h4>\n\n\n\n<p><\/p>\n\n\n\n<h4 class=\"wp-block-heading\" id=\"e-postadress\">E-postadresse<\/h4>\n\n\n\n<p><a href=\"mailto:rekrytering@worko.com\">rekrytering@worko.com<\/a><\/p>\n\n\n\n<h4 class=\"wp-block-heading\" id=\"besoks-och-postadress\">Bes\u00f8ksadresse<\/h4>\n\n\n\n<p><strong>Worko AS<\/strong><br>Rosenkrantz\u2019 gate 9<br>0159 Oslo<\/p>\n","protected":false},"excerpt":{"rendered":"<p>Kontakt oss s\u00e5 hjelper vi deg med \u00e5 ta neste steg! E-postadresse rekrytering@worko.com Bes\u00f8ksadresse Worko ASRosenkrantz\u2019 gate 90159 Oslo<\/p>\n","protected":false},"author":1,"featured_media":0,"parent":0,"menu_order":0,"comment_status":"closed","ping_status":"closed","template":"","meta":{"_acf_changed":false,"footnotes":""},"wf_page_folders":[],"class_list":["post-1043","page","type-page","status-publish","hentry"],"acf":[],"aioseo_notices":[],"_links":{"self":[{"href":"https:\/\/career.worko.com\/no\/wp-json\/wp\/v2\/pages\/1043","targetHints":{"allow":["GET"]}}],"collection":[{"href":"https:\/\/career.worko.com\/no\/wp-json\/wp\/v2\/pages"}],"about":[{"href":"https:\/\/career.worko.com\/no\/wp-json\/wp\/v2\/types\/page"}],"author":[{"embeddable":true,"href":"https:\/\/career.worko.com\/no\/wp-json\/wp\/v2\/users\/1"}],"replies":[{"embeddable":true,"href":"https:\/\/career.worko.com\/no\/wp-json\/wp\/v2\/comments?post=1043"}],"version-history":[{"count":3,"href":"https:\/\/career.worko.com\/no\/wp-json\/wp\/v2\/pages\/1043\/revisions"}],"predecessor-version":[{"id":3032,"href":"https:\/\/career.worko.com\/no\/wp-json\/wp\/v2\/pages\/1043\/revisions\/3032"}],"wp:attachment":[{"href":"https:\/\/career.worko.com\/no\/wp-json\/wp\/v2\/media?parent=1043"}],"wp:term":[{"taxonomy":"wf_page_folders","embeddable":true,"href":"https:\/\/career.worko.com\/no\/wp-json\/wp\/v2\/wf_page_folders?post=1043"}],"curies":[{"name":"wp","href":"https:\/\/api.w.org\/{rel}","templated":true}]}}