{"id":1028,"date":"2023-01-19T15:22:01","date_gmt":"2023-01-19T14:22:01","guid":{"rendered":"https:\/\/career.worko.com\/hjemmeside\/"},"modified":"2023-06-26T09:29:04","modified_gmt":"2023-06-26T09:29:04","slug":"hjemmeside","status":"publish","type":"page","link":"https:\/\/career.worko.com\/no\/hjemmeside\/","title":{"rendered":"Hjemmeside"},"content":{"rendered":"\r\n<div class=\"block-usp\">\r\n\r\n      <h6 class=\"block-usp__upper-title\">\r\n      Hvorfor Worko?     <\/h6>\r\n  \r\n  <h2 class=\"block-usp__title\">\r\n    Jobber du innen IT eller bygg? Vi hjelper deg med \u00e5 ta neste steg i karrieren  <\/h2>\r\n\r\n  <div class=\"block-usp__content\">\r\n    \n\r\n<div class=\"block-usp-item\">\r\n  <p class=\"block-usp-item__label bold\">\r\n    Tips og triks for karrieren din  <\/p>\r\n  <p class=\"block-usp-item__text\">\r\n    Vi veileder deg i din karriereplanleggingen, og hjelper deg med \u00e5 finne ut n\u00f8yaktig hva du vil, n\u00e5r du vil det, og deretter matcher vi det med v\u00e5re kundeoppdrag  <\/p>\r\n<\/div>\n\n\r\n<div class=\"block-usp-item\">\r\n  <p class=\"block-usp-item__label bold\">\r\n    Hundrevis av muligheter over hele Norge  <\/p>\r\n  <p class=\"block-usp-item__text\">\r\n    Vi har et bredt spekter av kunder som kontinuerlig s\u00f8ker etter dyktige kandidater. P\u00e5 den m\u00e5ten kan vi alltid sikre en god match mellom deg og din neste arbeidsgiver &#8211; n\u00e5r timingen f\u00f8les rett  <\/p>\r\n<\/div>\n\n\r\n<div class=\"block-usp-item\">\r\n  <p class=\"block-usp-item__label bold\">\r\n    Finn en rolle som n\u00f8yaktig matcher det du leter etter  <\/p>\r\n  <p class=\"block-usp-item__text\">\r\n    V\u00e5r tiln\u00e6rming til rekruttering er basert p\u00e5 \u00e5 matche arbeidsgivere med dine spesifikke preferanser. P\u00e5 den m\u00e5ten sikrer vi at du vil trives  <\/p>\r\n<\/div>\n\n\r\n<div class=\"block-usp-item\">\r\n  <p class=\"block-usp-item__label bold\">\r\n    Ha neste jobb klart til du er klar  <\/p>\r\n  <p class=\"block-usp-item__text\">\r\n    Vi s\u00f8rger for \u00e5 matche arbeidsgivere med din tilgjengelighet for neste steg &#8211; enten du er klar i dag eller senere  <\/p>\r\n<\/div>\n  <\/div>\r\n\r\n<\/div>","protected":false},"excerpt":{"rendered":"","protected":false},"author":1,"featured_media":0,"parent":0,"menu_order":0,"comment_status":"closed","ping_status":"closed","template":"","meta":{"_acf_changed":false,"footnotes":""},"wf_page_folders":[],"class_list":["post-1028","page","type-page","status-publish","hentry"],"acf":[],"aioseo_notices":[],"_links":{"self":[{"href":"https:\/\/career.worko.com\/no\/wp-json\/wp\/v2\/pages\/1028","targetHints":{"allow":["GET"]}}],"collection":[{"href":"https:\/\/career.worko.com\/no\/wp-json\/wp\/v2\/pages"}],"about":[{"href":"https:\/\/career.worko.com\/no\/wp-json\/wp\/v2\/types\/page"}],"author":[{"embeddable":true,"href":"https:\/\/career.worko.com\/no\/wp-json\/wp\/v2\/users\/1"}],"replies":[{"embeddable":true,"href":"https:\/\/career.worko.com\/no\/wp-json\/wp\/v2\/comments?post=1028"}],"version-history":[{"count":25,"href":"https:\/\/career.worko.com\/no\/wp-json\/wp\/v2\/pages\/1028\/revisions"}],"predecessor-version":[{"id":1457,"href":"https:\/\/career.worko.com\/no\/wp-json\/wp\/v2\/pages\/1028\/revisions\/1457"}],"wp:attachment":[{"href":"https:\/\/career.worko.com\/no\/wp-json\/wp\/v2\/media?parent=1028"}],"wp:term":[{"taxonomy":"wf_page_folders","embeddable":true,"href":"https:\/\/career.worko.com\/no\/wp-json\/wp\/v2\/wf_page_folders?post=1028"}],"curies":[{"name":"wp","href":"https:\/\/api.w.org\/{rel}","templated":true}]}}