{"id":10327,"date":"2024-06-17T11:33:14","date_gmt":"2024-06-17T09:33:14","guid":{"rendered":"https:\/\/career.worko.com\/?page_id=10327"},"modified":"2025-04-28T10:31:14","modified_gmt":"2025-04-28T08:31:14","slug":"your-preferences","status":"publish","type":"page","link":"https:\/\/career.worko.com\/en\/your-preferences\/","title":{"rendered":"Your Preferences"},"content":{"rendered":"\t\t<div data-elementor-type=\"wp-page\" data-elementor-id=\"10327\" class=\"elementor elementor-10327\" data-elementor-post-type=\"page\">\n\t\t\t\t\t\t<section class=\"elementor-section elementor-top-section elementor-element elementor-element-7591e39 elementor-section-boxed elementor-section-height-default elementor-section-height-default\" data-id=\"7591e39\" data-element_type=\"section\" data-settings=\"{&quot;background_background&quot;:&quot;classic&quot;}\">\n\t\t\t\t\t\t<div class=\"elementor-container elementor-column-gap-default\">\n\t\t\t\t\t<div class=\"elementor-column elementor-col-50 elementor-top-column elementor-element elementor-element-95ae925\" data-id=\"95ae925\" data-element_type=\"column\">\n\t\t\t<div class=\"elementor-widget-wrap elementor-element-populated\">\n\t\t\t\t\t\t<div class=\"elementor-element elementor-element-3adc4a7 elementor-widget elementor-widget-heading\" data-id=\"3adc4a7\" data-element_type=\"widget\" data-widget_type=\"heading.default\">\n\t\t\t\t<div class=\"elementor-widget-container\">\n\t\t\t<h2 class=\"elementor-heading-title elementor-size-default\">Let us know your preferences<\/h2>\t\t<\/div>\n\t\t\t\t<\/div>\n\t\t\t\t<div class=\"elementor-element elementor-element-0b2f790 elementor-widget elementor-widget-text-editor\" data-id=\"0b2f790\" data-element_type=\"widget\" data-widget_type=\"text-editor.default\">\n\t\t\t\t<div class=\"elementor-widget-container\">\n\t\t\t\t\t\t\t<p>Knowing what you want increases your chances of getting it. Tell us what&#8217;s most important to you, and we&#8217;ll help you find an opportunity that fits you like a glove.\u00a0<\/p>\t\t\t\t\t\t<\/div>\n\t\t\t\t<\/div>\n\t\t\t\t<div class=\"elementor-element elementor-element-f29fc71 elementor-widget elementor-widget-html\" data-id=\"f29fc71\" data-element_type=\"widget\" data-widget_type=\"html.default\">\n\t\t\t\t<div class=\"elementor-widget-container\">\n\t\t\t<div\n        data-form-id='59b07b4f-7d76-ef11-a670-000d3a656356'\n        data-form-api-url='https:\/\/public-eur.mkt.dynamics.com\/api\/v1.0\/orgs\/85b84996-7428-4ac3-b89a-fda82fe00279\/landingpageforms'\n        data-cached-form-url='https:\/\/assets-eur.mkt.dynamics.com\/85b84996-7428-4ac3-b89a-fda82fe00279\/digitalassets\/forms\/59b07b4f-7d76-ef11-a670-000d3a656356' ><\/div>\n        <script src = 'https:\/\/cxppusa1formui01cdnsa01-endpoint.azureedge.net\/eur\/FormLoader\/FormLoader.bundle.js' ><\/script>\n \n<style>\n\ndiv[data-form-id='59b07b4f-7d76-ef11-a670-000d3a656356'],\ndiv[data-form-id='59b07b4f-7d76-ef11-a670-000d3a656356'] * {\n    border: none !important;\n    box-shadow: none !important;\n}\n<\/style>\n\t\t<\/div>\n\t\t\t\t<\/div>\n\t\t\t\t<div class=\"elementor-element elementor-element-248e1d1 elementor-widget elementor-widget-text-editor\" data-id=\"248e1d1\" data-element_type=\"widget\" data-widget_type=\"text-editor.default\">\n\t\t\t\t<div class=\"elementor-widget-container\">\n\t\t\t\t\t\t\t<p>We at Worko match your preferences and career goals with the right opportunity at the right time. We specialise in recruitment in the IT &amp; Built Environment industries, and have helped thousands of candidates reach their goals since 2011.<\/p><p>\u00a0<\/p><p>Learn more about how we work with your industry here.<\/p>\t\t\t\t\t\t<\/div>\n\t\t\t\t<\/div>\n\t\t\t\t<div class=\"elementor-element elementor-element-94d5256 elementor-align-center elementor-widget elementor-widget-button\" data-id=\"94d5256\" data-element_type=\"widget\" data-widget_type=\"button.default\">\n\t\t\t\t<div class=\"elementor-widget-container\">\n\t\t\t\t\t\t\t<div class=\"elementor-button-wrapper\">\n\t\t\t\t\t<a class=\"elementor-button elementor-button-link elementor-size-sm elementor-animation-grow\" href=\"https:\/\/career.worko.com\/your-career-it-tech\/\">\n\t\t\t\t\t\t<span class=\"elementor-button-content-wrapper\">\n\t\t\t\t\t\t<span class=\"elementor-button-icon\">\n\t\t\t\t<i aria-hidden=\"true\" class=\"far fa-arrow-alt-circle-right\"><\/i>\t\t\t<\/span>\n\t\t\t\t\t\t\t\t\t<span class=\"elementor-button-text\">IT & Tech<\/span>\n\t\t\t\t\t<\/span>\n\t\t\t\t\t<\/a>\n\t\t\t\t<\/div>\n\t\t\t\t\t\t<\/div>\n\t\t\t\t<\/div>\n\t\t\t\t<div class=\"elementor-element elementor-element-a8daed4 elementor-align-center elementor-mobile-align-center elementor-widget__width-inherit elementor-widget elementor-widget-button\" data-id=\"a8daed4\" data-element_type=\"widget\" data-widget_type=\"button.default\">\n\t\t\t\t<div class=\"elementor-widget-container\">\n\t\t\t\t\t\t\t<div class=\"elementor-button-wrapper\">\n\t\t\t\t\t<a class=\"elementor-button elementor-button-link elementor-size-sm elementor-animation-grow\" href=\"https:\/\/career.worko.com\/your-career-construction\/\">\n\t\t\t\t\t\t<span class=\"elementor-button-content-wrapper\">\n\t\t\t\t\t\t<span class=\"elementor-button-icon\">\n\t\t\t\t<i aria-hidden=\"true\" class=\"far fa-arrow-alt-circle-right\"><\/i>\t\t\t<\/span>\n\t\t\t\t\t\t\t\t\t<span class=\"elementor-button-text\">Engineering & Construction<\/span>\n\t\t\t\t\t<\/span>\n\t\t\t\t\t<\/a>\n\t\t\t\t<\/div>\n\t\t\t\t\t\t<\/div>\n\t\t\t\t<\/div>\n\t\t\t\t<div class=\"elementor-element elementor-element-a0be71f elementor-align-center elementor-mobile-align-center elementor-widget elementor-widget-button\" data-id=\"a0be71f\" data-element_type=\"widget\" data-widget_type=\"button.default\">\n\t\t\t\t<div class=\"elementor-widget-container\">\n\t\t\t\t\t\t\t<div class=\"elementor-button-wrapper\">\n\t\t\t\t\t<a class=\"elementor-button elementor-button-link elementor-size-sm elementor-animation-grow\" href=\"https:\/\/career.worko.com\/a-new-approach-to-recruitment\/\">\n\t\t\t\t\t\t<span class=\"elementor-button-content-wrapper\">\n\t\t\t\t\t\t<span class=\"elementor-button-icon\">\n\t\t\t\t<i aria-hidden=\"true\" class=\"far fa-arrow-alt-circle-right\"><\/i>\t\t\t<\/span>\n\t\t\t\t\t\t\t\t\t<span class=\"elementor-button-text\">Learn more about Worko<\/span>\n\t\t\t\t\t<\/span>\n\t\t\t\t\t<\/a>\n\t\t\t\t<\/div>\n\t\t\t\t\t\t<\/div>\n\t\t\t\t<\/div>\n\t\t\t\t\t<\/div>\n\t\t<\/div>\n\t\t\t\t<div class=\"elementor-column elementor-col-50 elementor-top-column elementor-element elementor-element-fd204bc\" data-id=\"fd204bc\" data-element_type=\"column\">\n\t\t\t<div class=\"elementor-widget-wrap elementor-element-populated\">\n\t\t\t\t\t\t<div class=\"elementor-element elementor-element-bacda41 elementor-widget-divider--view-line_text elementor-widget-divider--element-align-center elementor-widget elementor-widget-divider\" data-id=\"bacda41\" data-element_type=\"widget\" data-widget_type=\"divider.default\">\n\t\t\t\t<div class=\"elementor-widget-container\">\n\t\t\t\t\t<div class=\"elementor-divider\">\n\t\t\t<span class=\"elementor-divider-separator\">\n\t\t\t\t\t\t\t<span class=\"elementor-divider__text elementor-divider__element\">\n\t\t\t\tThe Career Blog\t\t\t\t<\/span>\n\t\t\t\t\t\t<\/span>\n\t\t<\/div>\n\t\t\t\t<\/div>\n\t\t\t\t<\/div>\n\t\t\t\t<div class=\"elementor-element elementor-element-b1574de elementor-grid-1 elementor-grid-tablet-1 elementor-grid-mobile-1 elementor-posts--thumbnail-top elementor-card-shadow-yes elementor-posts__hover-gradient elementor-widget elementor-widget-posts\" data-id=\"b1574de\" data-element_type=\"widget\" data-settings=\"{&quot;cards_columns&quot;:&quot;1&quot;,&quot;cards_columns_tablet&quot;:&quot;1&quot;,&quot;cards_columns_mobile&quot;:&quot;1&quot;,&quot;cards_row_gap&quot;:{&quot;unit&quot;:&quot;px&quot;,&quot;size&quot;:35,&quot;sizes&quot;:[]},&quot;cards_row_gap_tablet&quot;:{&quot;unit&quot;:&quot;px&quot;,&quot;size&quot;:&quot;&quot;,&quot;sizes&quot;:[]},&quot;cards_row_gap_mobile&quot;:{&quot;unit&quot;:&quot;px&quot;,&quot;size&quot;:&quot;&quot;,&quot;sizes&quot;:[]}}\" data-widget_type=\"posts.cards\">\n\t\t\t\t<div class=\"elementor-widget-container\">\n\t\t\t\t\t<div class=\"elementor-posts-container elementor-posts elementor-posts--skin-cards elementor-grid\">\n\t\t\t\t<article class=\"elementor-post elementor-grid-item post-10469 post type-post status-publish format-standard has-post-thumbnail hentry category-uncategorized industries-all industries-it-tech2\">\n\t\t\t<div class=\"elementor-post__card\">\n\t\t\t\t<a class=\"elementor-post__thumbnail__link\" href=\"https:\/\/career.worko.com\/en\/your-boss-neglects-you\/\" ><div class=\"elementor-post__thumbnail\"><img fetchpriority=\"high\" decoding=\"async\" width=\"300\" height=\"225\" src=\"https:\/\/career.worko.com\/wp-content\/uploads\/2024\/06\/boss-ignores-IT-2-1-300x225.jpg\" class=\"attachment-medium size-medium wp-image-8581\" alt=\"Your boss ignores you?\" srcset=\"https:\/\/career.worko.com\/wp-content\/uploads\/2024\/06\/boss-ignores-IT-2-1-300x225.jpg 300w, https:\/\/career.worko.com\/wp-content\/uploads\/2024\/06\/boss-ignores-IT-2-1-768x576.jpg 768w, https:\/\/career.worko.com\/wp-content\/uploads\/2024\/06\/boss-ignores-IT-2-1-600x450.jpg 600w, https:\/\/career.worko.com\/wp-content\/uploads\/2024\/06\/boss-ignores-IT-2-1-160x120.jpg 160w, https:\/\/career.worko.com\/wp-content\/uploads\/2024\/06\/boss-ignores-IT-2-1.jpg 820w\" sizes=\"(max-width: 300px) 100vw, 300px\" \/><\/div><\/a>\n\t\t\t\t<div class=\"elementor-post__text\">\n\t\t\t\t<h4 class=\"elementor-post__title\">\n\t\t\t<a href=\"https:\/\/career.worko.com\/en\/your-boss-neglects-you\/\" >\n\t\t\t\tYour boss neglects you? Symptoms of the pre-vacation sprint in IT\t\t\t<\/a>\n\t\t<\/h4>\n\t\t\n\t\t<a class=\"elementor-post__read-more\" href=\"https:\/\/career.worko.com\/en\/your-boss-neglects-you\/\" aria-label=\"Read more about Your boss neglects you? Symptoms of the pre-vacation sprint in IT\" >\n\t\t\tRead more \u00bb\t\t<\/a>\n\n\t\t\t\t<\/div>\n\t\t\t\t\t<\/div>\n\t\t<\/article>\n\t\t\t\t<article class=\"elementor-post elementor-grid-item post-10202 post type-post status-publish format-standard has-post-thumbnail hentry category-uncategorized industries-all industries-bygg industries-it-tech2\">\n\t\t\t<div class=\"elementor-post__card\">\n\t\t\t\t<a class=\"elementor-post__thumbnail__link\" href=\"https:\/\/career.worko.com\/en\/stop-wasting-time-on-job-ads\/\" ><div class=\"elementor-post__thumbnail\"><img decoding=\"async\" width=\"300\" height=\"225\" src=\"https:\/\/career.worko.com\/wp-content\/uploads\/2024\/12\/stop-wasting-time-on-job-ads-300x225.jpg\" class=\"attachment-medium size-medium wp-image-8731\" alt=\"\" srcset=\"https:\/\/career.worko.com\/wp-content\/uploads\/2024\/12\/stop-wasting-time-on-job-ads-300x225.jpg 300w, https:\/\/career.worko.com\/wp-content\/uploads\/2024\/12\/stop-wasting-time-on-job-ads-768x576.jpg 768w, https:\/\/career.worko.com\/wp-content\/uploads\/2024\/12\/stop-wasting-time-on-job-ads-600x450.jpg 600w, https:\/\/career.worko.com\/wp-content\/uploads\/2024\/12\/stop-wasting-time-on-job-ads-160x120.jpg 160w, https:\/\/career.worko.com\/wp-content\/uploads\/2024\/12\/stop-wasting-time-on-job-ads.jpg 820w\" sizes=\"(max-width: 300px) 100vw, 300px\" \/><\/div><\/a>\n\t\t\t\t<div class=\"elementor-post__text\">\n\t\t\t\t<h4 class=\"elementor-post__title\">\n\t\t\t<a href=\"https:\/\/career.worko.com\/en\/stop-wasting-time-on-job-ads\/\" >\n\t\t\t\tStop wasting time on job ads \u2013 there are better ways to find work\t\t\t<\/a>\n\t\t<\/h4>\n\t\t\n\t\t<a class=\"elementor-post__read-more\" href=\"https:\/\/career.worko.com\/en\/stop-wasting-time-on-job-ads\/\" aria-label=\"Read more about Stop wasting time on job ads \u2013 there are better ways to find work\" >\n\t\t\tRead more \u00bb\t\t<\/a>\n\n\t\t\t\t<\/div>\n\t\t\t\t\t<\/div>\n\t\t<\/article>\n\t\t\t\t<article class=\"elementor-post elementor-grid-item post-10384 post type-post status-publish format-standard has-post-thumbnail hentry category-uncategorized industries-all industries-it-tech2\">\n\t\t\t<div class=\"elementor-post__card\">\n\t\t\t\t<a class=\"elementor-post__thumbnail__link\" href=\"https:\/\/career.worko.com\/en\/onboarding-season\/\" ><div class=\"elementor-post__thumbnail\"><img decoding=\"async\" width=\"300\" height=\"225\" src=\"https:\/\/career.worko.com\/wp-content\/uploads\/2024\/08\/it-1-onboarding-300x225.jpg\" class=\"attachment-medium size-medium wp-image-4923\" alt=\"Nu b\u00f6rjar onboarding-s\u00e4songen: s\u00e5 p\u00e5verkar n\u00e4r nya kollegor introduceras\" srcset=\"https:\/\/career.worko.com\/wp-content\/uploads\/2024\/08\/it-1-onboarding-300x225.jpg 300w, https:\/\/career.worko.com\/wp-content\/uploads\/2024\/08\/it-1-onboarding-768x576.jpg 768w, https:\/\/career.worko.com\/wp-content\/uploads\/2024\/08\/it-1-onboarding-600x450.jpg 600w, https:\/\/career.worko.com\/wp-content\/uploads\/2024\/08\/it-1-onboarding-160x120.jpg 160w, https:\/\/career.worko.com\/wp-content\/uploads\/2024\/08\/it-1-onboarding.jpg 820w\" sizes=\"(max-width: 300px) 100vw, 300px\" \/><\/div><\/a>\n\t\t\t\t<div class=\"elementor-post__text\">\n\t\t\t\t<h4 class=\"elementor-post__title\">\n\t\t\t<a href=\"https:\/\/career.worko.com\/en\/onboarding-season\/\" >\n\t\t\t\tOnboarding Season begins: how IT professionals are affected when new colleagues are introduced\t\t\t<\/a>\n\t\t<\/h4>\n\t\t\n\t\t<a class=\"elementor-post__read-more\" href=\"https:\/\/career.worko.com\/en\/onboarding-season\/\" aria-label=\"Read more about Onboarding Season begins: how IT professionals are affected when new colleagues are introduced\" >\n\t\t\tRead more \u00bb\t\t<\/a>\n\n\t\t\t\t<\/div>\n\t\t\t\t\t<\/div>\n\t\t<\/article>\n\t\t\t\t<\/div>\n\t\t\n\t\t\t\t<\/div>\n\t\t\t\t<\/div>\n\t\t\t\t\t<\/div>\n\t\t<\/div>\n\t\t\t\t\t<\/div>\n\t\t<\/section>\n\t\t\t\t<\/div>\n\t\t","protected":false},"excerpt":{"rendered":"<p>Let us know your preferences Knowing what you want increases your chances of getting it. Tell us what&#8217;s most important to you, and we&#8217;ll help<\/p>\n","protected":false},"author":2,"featured_media":0,"parent":0,"menu_order":0,"comment_status":"closed","ping_status":"closed","template":"elementor_header_footer","meta":{"_acf_changed":false,"footnotes":""},"wf_page_folders":[84],"class_list":["post-10327","page","type-page","status-publish","hentry"],"acf":[],"aioseo_notices":[],"_links":{"self":[{"href":"https:\/\/career.worko.com\/en\/wp-json\/wp\/v2\/pages\/10327","targetHints":{"allow":["GET"]}}],"collection":[{"href":"https:\/\/career.worko.com\/en\/wp-json\/wp\/v2\/pages"}],"about":[{"href":"https:\/\/career.worko.com\/en\/wp-json\/wp\/v2\/types\/page"}],"author":[{"embeddable":true,"href":"https:\/\/career.worko.com\/en\/wp-json\/wp\/v2\/users\/2"}],"replies":[{"embeddable":true,"href":"https:\/\/career.worko.com\/en\/wp-json\/wp\/v2\/comments?post=10327"}],"version-history":[{"count":4,"href":"https:\/\/career.worko.com\/en\/wp-json\/wp\/v2\/pages\/10327\/revisions"}],"predecessor-version":[{"id":10331,"href":"https:\/\/career.worko.com\/en\/wp-json\/wp\/v2\/pages\/10327\/revisions\/10331"}],"wp:attachment":[{"href":"https:\/\/career.worko.com\/en\/wp-json\/wp\/v2\/media?parent=10327"}],"wp:term":[{"taxonomy":"wf_page_folders","embeddable":true,"href":"https:\/\/career.worko.com\/en\/wp-json\/wp\/v2\/wf_page_folders?post=10327"}],"curies":[{"name":"wp","href":"https:\/\/api.w.org\/{rel}","templated":true}]}}